{"id":1017,"date":"2021-07-01T11:57:29","date_gmt":"2021-07-01T09:57:29","guid":{"rendered":"https:\/\/ls.dev.ederit.com\/kontakt\/"},"modified":"2023-04-04T13:19:44","modified_gmt":"2023-04-04T11:19:44","slug":"kontakt","status":"publish","type":"page","link":"https:\/\/www.laserenaumbria.com\/de\/kontakt\/","title":{"rendered":"Kontakt"},"content":{"rendered":"\t\t<div data-elementor-type=\"wp-page\" data-elementor-id=\"1017\" class=\"elementor elementor-1017 elementor-25\" data-elementor-post-type=\"page\">\n\t\t\t\t\t\t<section class=\"elementor-section elementor-top-section elementor-element elementor-element-00c4b66 elementor-section-boxed elementor-section-height-default elementor-section-height-default\" data-id=\"00c4b66\" data-element_type=\"section\" data-e-type=\"section\">\n\t\t\t\t\t\t<div class=\"elementor-container elementor-column-gap-default\">\n\t\t\t\t\t<div class=\"elementor-column elementor-col-100 elementor-top-column elementor-element elementor-element-ae3a6d1\" data-id=\"ae3a6d1\" data-element_type=\"column\" data-e-type=\"column\">\n\t\t\t<div class=\"elementor-widget-wrap elementor-element-populated\">\n\t\t\t\t\t\t<div class=\"elementor-element elementor-element-d76012f elementor-widget elementor-widget-text-editor\" data-id=\"d76012f\" data-element_type=\"widget\" data-e-type=\"widget\" data-widget_type=\"text-editor.default\">\n\t\t\t\t<div class=\"elementor-widget-container\">\n\t\t\t\t\t\t\t\t\t<p>Kontaktiere uns<\/p>\n\t\t\t\t\t\t\t\t<\/div>\n\t\t\t\t<\/div>\n\t\t\t\t<section class=\"elementor-section elementor-inner-section elementor-element elementor-element-704803e elementor-section-full_width elementor-section-height-default elementor-section-height-default\" data-id=\"704803e\" data-element_type=\"section\" data-e-type=\"section\">\n\t\t\t\t\t\t<div class=\"elementor-container elementor-column-gap-default\">\n\t\t\t\t\t<div class=\"elementor-column elementor-col-50 elementor-inner-column elementor-element elementor-element-47ae3f5\" data-id=\"47ae3f5\" data-element_type=\"column\" data-e-type=\"column\">\n\t\t\t<div class=\"elementor-widget-wrap elementor-element-populated\">\n\t\t\t\t\t\t<div class=\"elementor-element elementor-element-296c902 elementor-widget elementor-widget-text-editor\" data-id=\"296c902\" data-element_type=\"widget\" data-e-type=\"widget\" data-widget_type=\"text-editor.default\">\n\t\t\t\t<div class=\"elementor-widget-container\">\n\t\t\t\t\t\t\t\t\t<p>Villa La Serena<br \/>Vok. Capannella, 3<br \/>06072 Castiglione della Valle<br \/>Perugia<br \/>Italien<\/p>\n\t\t\t\t\t\t\t\t<\/div>\n\t\t\t\t<\/div>\n\t\t\t\t\t<\/div>\n\t\t<\/div>\n\t\t\t\t<div class=\"elementor-column elementor-col-50 elementor-inner-column elementor-element elementor-element-624548a\" data-id=\"624548a\" data-element_type=\"column\" data-e-type=\"column\">\n\t\t\t<div class=\"elementor-widget-wrap elementor-element-populated\">\n\t\t\t\t\t\t<div class=\"elementor-element elementor-element-d8e7e90 elementor-position-inline-start elementor-view-default elementor-mobile-position-block-start elementor-widget elementor-widget-icon-box\" data-id=\"d8e7e90\" data-element_type=\"widget\" data-e-type=\"widget\" data-widget_type=\"icon-box.default\">\n\t\t\t\t<div class=\"elementor-widget-container\">\n\t\t\t\t\t\t\t<div class=\"elementor-icon-box-wrapper\">\n\n\t\t\t\t\t\t<div class=\"elementor-icon-box-icon\">\n\t\t\t\t<a href=\"tel:\/\/+436769151777\" class=\"elementor-icon\" tabindex=\"-1\" aria-label=\"+43 676 915 1777\">\n\t\t\t\t<svg xmlns=\"http:\/\/www.w3.org\/2000\/svg\" xmlns:xlink=\"http:\/\/www.w3.org\/1999\/xlink\" id=\"Capa_1\" x=\"0px\" y=\"0px\" viewBox=\"0 0 512.076 512.076\" style=\"enable-background:new 0 0 512.076 512.076;\" xml:space=\"preserve\"><g>\t<g>\t\t<path d=\"M498.639,395.039l-19.891-13.252c44.859-78.9,44.358-175.706-1.315-254.137S347.813,1.005,257.052,1.08    c-4.713,0-8.533,3.82-8.533,8.533s3.82,8.533,8.533,8.533c84.458-0.063,162.608,44.69,205.298,117.566    c42.689,72.875,43.507,162.929,2.148,236.568l-69.538-46.362c-13.154-8.697-30.782-5.834-40.508,6.579l-30.157,38.818    c-3.883,5.113-10.932,6.596-16.546,3.482l-5.743-3.166c-19.038-10.377-42.726-23.296-90.453-71.04s-60.672-71.45-71.049-90.453    l-3.149-5.743c-3.161-5.612-1.705-12.695,3.413-16.606l38.792-30.182c12.412-9.725,15.279-27.351,6.588-40.508l-69.12-103.646    C108.12,0.056,90.25-3.966,76.461,4.323L33.12,30.358C19.502,38.364,9.511,51.33,5.242,66.539    c-15.607,56.866-3.866,155.008,140.706,299.597c62.976,62.976,117.12,100.693,162.901,122.027    c-70.464,15.921-144.343-1.121-200.714-46.297c-56.371-45.177-89.096-113.57-88.907-185.809c0-4.713-3.82-8.533-8.533-8.533    s-8.533,3.82-8.533,8.533c0.132,140.732,114.159,254.797,254.891,254.976c26.365,0.009,52.569-4.12,77.653-12.237    c22.631,8.453,46.551,12.939,70.707,13.261c13.543,0.058,27.033-1.704,40.107-5.239c15.212-4.264,28.18-14.256,36.181-27.878    l26.061-43.315C516.063,421.832,512.043,403.951,498.639,395.039z M493.092,426.842l-26.001,43.341    c-5.749,9.849-15.089,17.088-26.061,20.198c-24.823,6.827-58.445,7.68-101.649-7.893c-0.685-0.384-1.421-0.671-2.185-0.853    c-47.787-17.741-107.119-55.552-179.2-127.607C19.245,215.284,7.29,123.559,21.703,71.054    c3.116-10.968,10.354-20.307,20.198-26.061l43.341-26.001c5.983-3.6,13.739-1.855,17.604,3.959l37.547,56.371l31.514,47.266    c3.774,5.707,2.534,13.356-2.85,17.579l-38.801,30.182c-11.808,9.029-15.18,25.366-7.91,38.332l3.081,5.598    c10.906,20.002,24.465,44.885,73.967,94.379c49.502,49.493,74.377,63.053,94.37,73.958l5.606,3.089    c12.965,7.269,29.303,3.898,38.332-7.91l30.182-38.801c4.224-5.381,11.87-6.62,17.579-2.85l103.637,69.12    C494.915,413.114,496.674,420.857,493.092,426.842z\"><\/path>\t<\/g><\/g><g><\/g><g><\/g><g><\/g><g><\/g><g><\/g><g><\/g><g><\/g><g><\/g><g><\/g><g><\/g><g><\/g><g><\/g><g><\/g><g><\/g><g><\/g><\/svg>\t\t\t\t<\/a>\n\t\t\t<\/div>\n\t\t\t\n\t\t\t\t\t\t<div class=\"elementor-icon-box-content\">\n\n\t\t\t\t\t\t\t\t\t<h3 class=\"elementor-icon-box-title\">\n\t\t\t\t\t\t<a href=\"tel:\/\/+436769151777\" >\n\t\t\t\t\t\t\t+43 676 915 1777\t\t\t\t\t\t<\/a>\n\t\t\t\t\t<\/h3>\n\t\t\t\t\n\t\t\t\t\n\t\t\t<\/div>\n\t\t\t\n\t\t<\/div>\n\t\t\t\t\t\t<\/div>\n\t\t\t\t<\/div>\n\t\t\t\t<div class=\"elementor-element elementor-element-8f2a80c elementor-position-inline-start elementor-view-default elementor-mobile-position-block-start elementor-widget elementor-widget-icon-box\" data-id=\"8f2a80c\" data-element_type=\"widget\" data-e-type=\"widget\" data-widget_type=\"icon-box.default\">\n\t\t\t\t<div class=\"elementor-widget-container\">\n\t\t\t\t\t\t\t<div class=\"elementor-icon-box-wrapper\">\n\n\t\t\t\t\t\t<div class=\"elementor-icon-box-icon\">\n\t\t\t\t<span  class=\"elementor-icon\">\n\t\t\t\t<svg xmlns=\"http:\/\/www.w3.org\/2000\/svg\" xmlns:xlink=\"http:\/\/www.w3.org\/1999\/xlink\" id=\"Capa_1\" x=\"0px\" y=\"0px\" viewBox=\"0 0 511.991 511.991\" style=\"enable-background:new 0 0 511.991 511.991;\" xml:space=\"preserve\"><g>\t<g>\t\t<g>\t\t\t<path d=\"M511.991,196.243c0-0.179-0.094-0.333-0.102-0.503c-0.053-0.591-0.17-1.175-0.35-1.741     c-0.118-0.505-0.281-0.999-0.486-1.476c-0.244-0.452-0.529-0.881-0.853-1.28c-0.338-0.489-0.727-0.941-1.161-1.348     c-0.137-0.12-0.196-0.282-0.341-0.393l-82.039-63.735V59.71c0-14.138-11.462-25.6-25.6-25.6h-92.476L271.556,5.361     c-9.149-7.128-21.972-7.128-31.121,0L203.401,34.11h-92.476c-14.138,0-25.6,11.461-25.6,25.6v66.057L3.294,189.502     c-0.145,0.111-0.205,0.273-0.341,0.393c-0.434,0.407-0.823,0.859-1.161,1.348c-0.324,0.399-0.61,0.828-0.853,1.28     c-0.207,0.476-0.37,0.97-0.486,1.476c-0.178,0.555-0.295,1.127-0.35,1.707c0,0.171-0.102,0.324-0.102,0.503v290.167     c0.034,2.748,0.515,5.471,1.425,8.064c-1.959,2.954-1.867,6.816,0.229,9.674c2.096,2.858,5.752,4.106,9.158,3.126     c4.312,3.081,9.48,4.737,14.78,4.736h460.8c5.322-0.011,10.506-1.691,14.822-4.804c0.728,0.224,1.483,0.347,2.244,0.367     c3.117,0.018,5.991-1.68,7.479-4.419c1.488-2.739,1.349-6.074-0.362-8.679c0.907-2.593,1.385-5.317,1.417-8.064V196.243z      M250.871,18.827c2.98-2.368,7.2-2.368,10.18,0l19.686,15.283h-49.493L250.871,18.827z M27.708,494.91l223.164-173.346     c2.982-2.354,7.19-2.354,10.172,0L484.275,494.91H27.708z M494.925,481.581L271.539,308.09c-9.143-7.118-21.952-7.118-31.095,0     L17.058,481.581V209.239l139.836,108.587c3.726,2.889,9.088,2.211,11.977-1.515c2.889-3.726,2.211-9.088-1.515-11.977     L25.293,194.016l60.032-46.643v65.937c0,4.713,3.821,8.533,8.533,8.533c4.713,0,8.533-3.821,8.533-8.533V59.71     c0-4.713,3.82-8.533,8.533-8.533h290.133c4.713,0,8.533,3.82,8.533,8.533v153.6c0,4.713,3.82,8.533,8.533,8.533     s8.533-3.821,8.533-8.533v-65.937l60.032,46.643L344.371,304.531c-3.723,2.891-4.397,8.253-1.506,11.977     c2.891,3.723,8.253,4.397,11.977,1.506l140.083-108.774V481.581z\"><\/path>\t\t\t<path d=\"M170.658,110.91h170.667c4.713,0,8.533-3.82,8.533-8.533s-3.82-8.533-8.533-8.533H170.658     c-4.713,0-8.533,3.82-8.533,8.533S165.945,110.91,170.658,110.91z\"><\/path>\t\t\t<path d=\"M349.858,153.577c0-4.713-3.82-8.533-8.533-8.533H170.658c-4.713,0-8.533,3.821-8.533,8.533     c0,4.713,3.82,8.533,8.533,8.533h170.667C346.038,162.11,349.858,158.289,349.858,153.577z\"><\/path>\t\t\t<path d=\"M349.858,204.777c0-4.713-3.82-8.533-8.533-8.533h-76.8c-4.713,0-8.533,3.82-8.533,8.533s3.82,8.533,8.533,8.533h76.8     C346.038,213.31,349.858,209.489,349.858,204.777z\"><\/path>\t\t<\/g>\t<\/g><\/g><g><\/g><g><\/g><g><\/g><g><\/g><g><\/g><g><\/g><g><\/g><g><\/g><g><\/g><g><\/g><g><\/g><g><\/g><g><\/g><g><\/g><g><\/g><\/svg>\t\t\t\t<\/span>\n\t\t\t<\/div>\n\t\t\t\n\t\t\t\t\t\t<div class=\"elementor-icon-box-content\">\n\n\t\t\t\t\t\t\t\t\t<h3 class=\"elementor-icon-box-title\">\n\t\t\t\t\t\t<span  >\n\t\t\t\t\t\t\t<a style=\"color:#8FA956\" href=\"mailto:holidays@laserenaumbria.com\">holidays@laserenaumbria.com<\/a>\t\t\t\t\t\t<\/span>\n\t\t\t\t\t<\/h3>\n\t\t\t\t\n\t\t\t\t\n\t\t\t<\/div>\n\t\t\t\n\t\t<\/div>\n\t\t\t\t\t\t<\/div>\n\t\t\t\t<\/div>\n\t\t\t\t\t<\/div>\n\t\t<\/div>\n\t\t\t\t\t<\/div>\n\t\t<\/section>\n\t\t\t\t<section class=\"elementor-section elementor-inner-section elementor-element elementor-element-32a640d elementor-section-full_width elementor-section-height-default elementor-section-height-default\" data-id=\"32a640d\" data-element_type=\"section\" data-e-type=\"section\">\n\t\t\t\t\t\t<div class=\"elementor-container elementor-column-gap-default\">\n\t\t\t\t\t<div class=\"elementor-column elementor-col-100 elementor-inner-column elementor-element elementor-element-3678465\" data-id=\"3678465\" data-element_type=\"column\" data-e-type=\"column\">\n\t\t\t<div class=\"elementor-widget-wrap elementor-element-populated\">\n\t\t\t\t\t\t<div class=\"elementor-element elementor-element-5f690eb elementor-widget elementor-widget-text-editor\" data-id=\"5f690eb\" data-element_type=\"widget\" data-e-type=\"widget\" data-widget_type=\"text-editor.default\">\n\t\t\t\t<div class=\"elementor-widget-container\">\n\t\t\t\t\t\t\t\t\t<p><strong>Irgendwelche Fragen oder Kommentare<\/strong><br \/>Wenn Sie weitere Informationen zu unseren Leistungen w\u00fcnschen, z\u00f6gern Sie nicht, uns telefonisch zu kontaktieren oder f\u00fcllen Sie einfach das untenstehende Formular aus. Bitte hinterlassen Sie auch Ihre Telefonnummer, damit wir Ihnen noch schneller antworten k\u00f6nnen.<\/p>\t\t\t\t\t\t\t\t<\/div>\n\t\t\t\t<\/div>\n\t\t\t\t\t<\/div>\n\t\t<\/div>\n\t\t\t\t\t<\/div>\n\t\t<\/section>\n\t\t\t\t<div class=\"elementor-element elementor-element-3b6bd9a elementor-widget elementor-widget-wpforms\" data-id=\"3b6bd9a\" data-element_type=\"widget\" data-e-type=\"widget\" data-widget_type=\"wpforms.default\">\n\t\t\t\t<div class=\"elementor-widget-container\">\n\t\t\t\t\t<div class=\"wpforms-container wpforms-container-full\" id=\"wpforms-1021\"><form id=\"wpforms-form-1021\" class=\"wpforms-validate wpforms-form\" data-formid=\"1021\" method=\"post\" enctype=\"multipart\/form-data\" action=\"\/de\/wp-json\/wp\/v2\/pages\/1017\" data-token=\"5e858fb6b81583088666be092063c7e4\" data-token-time=\"1777434543\"><noscript class=\"wpforms-error-noscript\">Bitte aktiviere JavaScript in deinem Browser, um dieses Formular fertigzustellen.<\/noscript><div class=\"wpforms-field-container\"><div id=\"wpforms-1021-field_0-container\" class=\"wpforms-field wpforms-field-name\" data-field-id=\"0\"><label class=\"wpforms-field-label\" for=\"wpforms-1021-field_0\">Ihr Name: <span class=\"wpforms-required-label\">*<\/span><\/label><input type=\"text\" id=\"wpforms-1021-field_0\" class=\"wpforms-field-medium wpforms-field-required\" name=\"wpforms[fields][0]\" required><\/div><div id=\"wpforms-1021-field_1-container\" class=\"wpforms-field wpforms-field-email\" data-field-id=\"1\"><label class=\"wpforms-field-label\" for=\"wpforms-1021-field_1\">Ihre Email-Adresse: <span class=\"wpforms-required-label\">*<\/span><\/label><input type=\"email\" id=\"wpforms-1021-field_1\" class=\"wpforms-field-medium wpforms-field-required\" name=\"wpforms[fields][1]\" spellcheck=\"false\" required><\/div><div id=\"wpforms-1021-field_2-container\" class=\"wpforms-field wpforms-field-textarea\" data-field-id=\"2\"><label class=\"wpforms-field-label\" for=\"wpforms-1021-field_2\">Ihre Nachricht: <span class=\"wpforms-required-label\">*<\/span><\/label><textarea id=\"wpforms-1021-field_2\" class=\"wpforms-field-medium wpforms-field-required\" name=\"wpforms[fields][2]\" required><\/textarea><\/div><\/div><!-- .wpforms-field-container --><div class=\"wpforms-recaptcha-container wpforms-is-recaptcha wpforms-is-recaptcha-type-v3\" ><input type=\"hidden\" name=\"wpforms[recaptcha]\" value=\"\"><\/div><div class=\"wpforms-submit-container\" ><input type=\"hidden\" name=\"wpforms[id]\" value=\"1021\"><input type=\"hidden\" name=\"page_title\" value=\"\"><input type=\"hidden\" name=\"page_url\" value=\"https:\/\/www.laserenaumbria.com\/de\/wp-json\/wp\/v2\/pages\/1017\"><input type=\"hidden\" name=\"url_referer\" value=\"\"><button type=\"submit\" name=\"wpforms[submit]\" id=\"wpforms-submit-1021\" class=\"wpforms-submit\" data-alt-text=\"Sende...\" data-submit-text=\"Nachricht abschicken\" aria-live=\"assertive\" value=\"wpforms-submit\">Nachricht abschicken<\/button><\/div><\/form><\/div>  <!-- .wpforms-container -->\t\t\t\t<\/div>\n\t\t\t\t<\/div>\n\t\t\t\t\t<\/div>\n\t\t<\/div>\n\t\t\t\t\t<\/div>\n\t\t<\/section>\n\t\t\t\t<\/div>\n\t\t","protected":false},"excerpt":{"rendered":"<p>Kontaktiere uns Villa La SerenaVok. Capannella, 306072 Castiglione della VallePerugiaItalien +43 676 915 1777 holidays@laserenaumbria.com Irgendwelche Fragen oder KommentareWenn Sie weitere Informationen zu unseren Leistungen w\u00fcnschen, z\u00f6gern Sie nicht, uns telefonisch zu kontaktieren oder f\u00fcllen Sie einfach das untenstehende Formular aus. Bitte hinterlassen Sie auch Ihre Telefonnummer, damit wir Ihnen noch schneller antworten k\u00f6nnen.<\/p>\n","protected":false},"author":3,"featured_media":0,"parent":0,"menu_order":0,"comment_status":"closed","ping_status":"closed","template":"","meta":{"_acf_changed":false,"footnotes":""},"class_list":["post-1017","page","type-page","status-publish","hentry"],"acf":[],"yoast_head":"<!-- This site is optimized with the Yoast SEO plugin v27.3 - https:\/\/yoast.com\/product\/yoast-seo-wordpress\/ -->\n<title>Kontakt - La Serena Umbria<\/title>\n<meta name=\"robots\" content=\"index, follow, max-snippet:-1, max-image-preview:large, max-video-preview:-1\" \/>\n<link rel=\"canonical\" href=\"https:\/\/www.laserenaumbria.com\/de\/kontakt\/\" \/>\n<meta property=\"og:locale\" content=\"de_DE\" \/>\n<meta property=\"og:type\" content=\"article\" \/>\n<meta property=\"og:title\" content=\"Kontakt - La Serena Umbria\" \/>\n<meta property=\"og:description\" content=\"Kontaktiere uns Villa La SerenaVok. Capannella, 306072 Castiglione della VallePerugiaItalien +43 676 915 1777 holidays@laserenaumbria.com Irgendwelche Fragen oder KommentareWenn Sie weitere Informationen zu unseren Leistungen w\u00fcnschen, z\u00f6gern Sie nicht, uns telefonisch zu kontaktieren oder f\u00fcllen Sie einfach das untenstehende Formular aus. Bitte hinterlassen Sie auch Ihre Telefonnummer, damit wir Ihnen noch schneller antworten k\u00f6nnen.\" \/>\n<meta property=\"og:url\" content=\"https:\/\/www.laserenaumbria.com\/de\/kontakt\/\" \/>\n<meta property=\"og:site_name\" content=\"La Serena Umbria\" \/>\n<meta property=\"article:modified_time\" content=\"2023-04-04T11:19:44+00:00\" \/>\n<meta name=\"twitter:card\" content=\"summary_large_image\" \/>\n<meta name=\"twitter:label1\" content=\"Gesch\u00e4tzte Lesezeit\" \/>\n\t<meta name=\"twitter:data1\" content=\"1\u00a0Minute\" \/>\n<script type=\"application\/ld+json\" class=\"yoast-schema-graph\">{\"@context\":\"https:\\\/\\\/schema.org\",\"@graph\":[{\"@type\":\"WebPage\",\"@id\":\"https:\\\/\\\/www.laserenaumbria.com\\\/de\\\/kontakt\\\/\",\"url\":\"https:\\\/\\\/www.laserenaumbria.com\\\/de\\\/kontakt\\\/\",\"name\":\"Kontakt - La Serena Umbria\",\"isPartOf\":{\"@id\":\"https:\\\/\\\/www.laserenaumbria.com\\\/de\\\/#website\"},\"datePublished\":\"2021-07-01T09:57:29+00:00\",\"dateModified\":\"2023-04-04T11:19:44+00:00\",\"breadcrumb\":{\"@id\":\"https:\\\/\\\/www.laserenaumbria.com\\\/de\\\/kontakt\\\/#breadcrumb\"},\"inLanguage\":\"de\",\"potentialAction\":[{\"@type\":\"ReadAction\",\"target\":[\"https:\\\/\\\/www.laserenaumbria.com\\\/de\\\/kontakt\\\/\"]}]},{\"@type\":\"BreadcrumbList\",\"@id\":\"https:\\\/\\\/www.laserenaumbria.com\\\/de\\\/kontakt\\\/#breadcrumb\",\"itemListElement\":[{\"@type\":\"ListItem\",\"position\":1,\"name\":\"Startseite\",\"item\":\"https:\\\/\\\/www.laserenaumbria.com\\\/de\\\/\"},{\"@type\":\"ListItem\",\"position\":2,\"name\":\"Kontakt\"}]},{\"@type\":\"WebSite\",\"@id\":\"https:\\\/\\\/www.laserenaumbria.com\\\/de\\\/#website\",\"url\":\"https:\\\/\\\/www.laserenaumbria.com\\\/de\\\/\",\"name\":\"La Serena Umbria\",\"description\":\"Holidays in a Villa for rent in Umbria next to Tuscany and Lago di Trasimeno\",\"potentialAction\":[{\"@type\":\"SearchAction\",\"target\":{\"@type\":\"EntryPoint\",\"urlTemplate\":\"https:\\\/\\\/www.laserenaumbria.com\\\/de\\\/?s={search_term_string}\"},\"query-input\":{\"@type\":\"PropertyValueSpecification\",\"valueRequired\":true,\"valueName\":\"search_term_string\"}}],\"inLanguage\":\"de\"}]}<\/script>\n<!-- \/ Yoast SEO plugin. -->","yoast_head_json":{"title":"Kontakt - La Serena Umbria","robots":{"index":"index","follow":"follow","max-snippet":"max-snippet:-1","max-image-preview":"max-image-preview:large","max-video-preview":"max-video-preview:-1"},"canonical":"https:\/\/www.laserenaumbria.com\/de\/kontakt\/","og_locale":"de_DE","og_type":"article","og_title":"Kontakt - La Serena Umbria","og_description":"Kontaktiere uns Villa La SerenaVok. Capannella, 306072 Castiglione della VallePerugiaItalien +43 676 915 1777 holidays@laserenaumbria.com Irgendwelche Fragen oder KommentareWenn Sie weitere Informationen zu unseren Leistungen w\u00fcnschen, z\u00f6gern Sie nicht, uns telefonisch zu kontaktieren oder f\u00fcllen Sie einfach das untenstehende Formular aus. Bitte hinterlassen Sie auch Ihre Telefonnummer, damit wir Ihnen noch schneller antworten k\u00f6nnen.","og_url":"https:\/\/www.laserenaumbria.com\/de\/kontakt\/","og_site_name":"La Serena Umbria","article_modified_time":"2023-04-04T11:19:44+00:00","twitter_card":"summary_large_image","twitter_misc":{"Gesch\u00e4tzte Lesezeit":"1\u00a0Minute"},"schema":{"@context":"https:\/\/schema.org","@graph":[{"@type":"WebPage","@id":"https:\/\/www.laserenaumbria.com\/de\/kontakt\/","url":"https:\/\/www.laserenaumbria.com\/de\/kontakt\/","name":"Kontakt - La Serena Umbria","isPartOf":{"@id":"https:\/\/www.laserenaumbria.com\/de\/#website"},"datePublished":"2021-07-01T09:57:29+00:00","dateModified":"2023-04-04T11:19:44+00:00","breadcrumb":{"@id":"https:\/\/www.laserenaumbria.com\/de\/kontakt\/#breadcrumb"},"inLanguage":"de","potentialAction":[{"@type":"ReadAction","target":["https:\/\/www.laserenaumbria.com\/de\/kontakt\/"]}]},{"@type":"BreadcrumbList","@id":"https:\/\/www.laserenaumbria.com\/de\/kontakt\/#breadcrumb","itemListElement":[{"@type":"ListItem","position":1,"name":"Startseite","item":"https:\/\/www.laserenaumbria.com\/de\/"},{"@type":"ListItem","position":2,"name":"Kontakt"}]},{"@type":"WebSite","@id":"https:\/\/www.laserenaumbria.com\/de\/#website","url":"https:\/\/www.laserenaumbria.com\/de\/","name":"La Serena Umbria","description":"Holidays in a Villa for rent in Umbria next to Tuscany and Lago di Trasimeno","potentialAction":[{"@type":"SearchAction","target":{"@type":"EntryPoint","urlTemplate":"https:\/\/www.laserenaumbria.com\/de\/?s={search_term_string}"},"query-input":{"@type":"PropertyValueSpecification","valueRequired":true,"valueName":"search_term_string"}}],"inLanguage":"de"}]}},"_links":{"self":[{"href":"https:\/\/www.laserenaumbria.com\/de\/wp-json\/wp\/v2\/pages\/1017","targetHints":{"allow":["GET"]}}],"collection":[{"href":"https:\/\/www.laserenaumbria.com\/de\/wp-json\/wp\/v2\/pages"}],"about":[{"href":"https:\/\/www.laserenaumbria.com\/de\/wp-json\/wp\/v2\/types\/page"}],"author":[{"embeddable":true,"href":"https:\/\/www.laserenaumbria.com\/de\/wp-json\/wp\/v2\/users\/3"}],"replies":[{"embeddable":true,"href":"https:\/\/www.laserenaumbria.com\/de\/wp-json\/wp\/v2\/comments?post=1017"}],"version-history":[{"count":12,"href":"https:\/\/www.laserenaumbria.com\/de\/wp-json\/wp\/v2\/pages\/1017\/revisions"}],"predecessor-version":[{"id":2214,"href":"https:\/\/www.laserenaumbria.com\/de\/wp-json\/wp\/v2\/pages\/1017\/revisions\/2214"}],"wp:attachment":[{"href":"https:\/\/www.laserenaumbria.com\/de\/wp-json\/wp\/v2\/media?parent=1017"}],"curies":[{"name":"wp","href":"https:\/\/api.w.org\/{rel}","templated":true}]}}