{"id":2086,"date":"2021-12-22T10:32:15","date_gmt":"2021-12-22T09:32:15","guid":{"rendered":"https:\/\/www.laserenaumbria.com\/preise-daten\/"},"modified":"2021-12-22T10:32:17","modified_gmt":"2021-12-22T09:32:17","slug":"preise-daten","status":"publish","type":"page","link":"https:\/\/www.laserenaumbria.com\/de\/preise-daten\/","title":{"rendered":"Preise &amp; Daten"},"content":{"rendered":"\t\t<div data-elementor-type=\"wp-page\" data-elementor-id=\"2086\" class=\"elementor elementor-2086 elementor-23\" data-elementor-post-type=\"page\">\n\t\t\t\t\t\t<section class=\"elementor-section elementor-top-section elementor-element elementor-element-a36bac4 elementor-section-stretched elementor-section-boxed elementor-section-height-default elementor-section-height-default\" data-id=\"a36bac4\" data-element_type=\"section\" data-e-type=\"section\" data-settings=\"{&quot;stretch_section&quot;:&quot;section-stretched&quot;}\">\n\t\t\t\t\t\t<div class=\"elementor-container elementor-column-gap-default\">\n\t\t\t\t\t<div class=\"elementor-column elementor-col-100 elementor-top-column elementor-element elementor-element-86525d2\" data-id=\"86525d2\" data-element_type=\"column\" data-e-type=\"column\">\n\t\t\t<div class=\"elementor-widget-wrap elementor-element-populated\">\n\t\t\t\t\t\t<section class=\"elementor-section elementor-inner-section elementor-element elementor-element-16efdb2 elementor-section-full_width elementor-section-height-default elementor-section-height-default\" data-id=\"16efdb2\" data-element_type=\"section\" data-e-type=\"section\">\n\t\t\t\t\t\t<div class=\"elementor-container elementor-column-gap-no\">\n\t\t\t\t\t<div class=\"elementor-column elementor-col-100 elementor-inner-column elementor-element elementor-element-eae2389\" data-id=\"eae2389\" data-element_type=\"column\" data-e-type=\"column\">\n\t\t\t<div class=\"elementor-widget-wrap elementor-element-populated\">\n\t\t\t\t\t\t<div class=\"elementor-element elementor-element-12a30a6 elementor-widget elementor-widget-text-editor\" data-id=\"12a30a6\" data-element_type=\"widget\" data-e-type=\"widget\" data-widget_type=\"text-editor.default\">\n\t\t\t\t<div class=\"elementor-widget-container\">\n\t\t\t\t\t\t\t\t\t<p>Preise &amp; Verf\u00fcgbarkeit<\/p>\n\t\t\t\t\t\t\t\t<\/div>\n\t\t\t\t<\/div>\n\t\t\t\t<div class=\"elementor-element elementor-element-e20b640 elementor-widget elementor-widget-text-editor\" data-id=\"e20b640\" data-element_type=\"widget\" data-e-type=\"widget\" data-widget_type=\"text-editor.default\">\n\t\t\t\t<div class=\"elementor-widget-container\">\n\t\t\t\t\t\t\t\t\t<p>Der Sondertarif gilt f\u00fcr die Weihnachts- und Neujahrszeit vom 19. Dezember bis 7. Januar und f\u00fcr Ferragosto vom 6. August bis 27. August.<br \/>Eine r\u00fcckzahlbare Kaution kann zum Zeitpunkt der Zahlung erhoben werden. (Mindestaufenthalt &#8211; 3 N\u00e4chte)<\/p>\n\t\t\t\t\t\t\t\t<\/div>\n\t\t\t\t<\/div>\n\t\t\t\t<div class=\"elementor-element elementor-element-761ab0e elementor-widget elementor-widget-text-editor\" data-id=\"761ab0e\" data-element_type=\"widget\" data-e-type=\"widget\" data-widget_type=\"text-editor.default\">\n\t\t\t\t<div class=\"elementor-widget-container\">\n\t\t\t\t\t\t\t\t\t<p>Villa Mietpreise<\/p>\n\t\t\t\t\t\t\t\t<\/div>\n\t\t\t\t<\/div>\n\t\t\t\t<div class=\"elementor-element elementor-element-8986868 elementor-widget elementor-widget-shortcode\" data-id=\"8986868\" data-element_type=\"widget\" data-e-type=\"widget\" data-widget_type=\"shortcode.default\">\n\t\t\t\t<div class=\"elementor-widget-container\">\n\t\t\t\t\t\t\t<div class=\"elementor-shortcode\">\n<table id=\"tablepress-2\" class=\"tablepress tablepress-id-2\">\n<thead>\n<tr class=\"row-1\">\n\t<th class=\"column-1\">Date<\/th><th class=\"column-2\">Season<\/th><th class=\"column-3\">Rental<\/th><th class=\"column-4\">Minimum<\/th>\n<\/tr>\n<\/thead>\n<tbody class=\"row-striping row-hover\">\n<tr class=\"row-2\">\n\t<td class=\"column-1\">Feb, Mar, Apr, Oct, Nov<\/td><td class=\"column-2\">Low<\/td><td class=\"column-3\">\u20ac 450<\/td><td class=\"column-4\">\u20ac 1,350<\/td>\n<\/tr>\n<tr class=\"row-3\">\n\t<td class=\"column-1\">May, Jun<\/td><td class=\"column-2\">Mid<\/td><td class=\"column-3\">\u20ac 490<\/td><td class=\"column-4\">\u20ac 1,470<\/td>\n<\/tr>\n<tr class=\"row-4\">\n\t<td class=\"column-1\">Jul, Aug<\/td><td class=\"column-2\">Peak<\/td><td class=\"column-3\">\u20ac 590<\/td><td class=\"column-4\">\u20ac 1,770<\/td>\n<\/tr>\n<tr class=\"row-5\">\n\t<td class=\"column-1\">Sep<\/td><td class=\"column-2\">Mid<\/td><td class=\"column-3\">\u20ac 490<\/td><td class=\"column-4\">\u20ac 1,470<\/td>\n<\/tr>\n<tr class=\"row-6\">\n\t<td class=\"column-1\">Special<\/td><td class=\"column-2\">Special<\/td><td class=\"column-3\">\u20ac 650<\/td><td class=\"column-4\">\u20ac 1,950<\/td>\n<\/tr>\n<\/tbody>\n<\/table>\n<!-- #tablepress-2 from cache --><\/div>\n\t\t\t\t\t\t<\/div>\n\t\t\t\t<\/div>\n\t\t\t\t<div class=\"elementor-element elementor-element-d99cd5c elementor-widget elementor-widget-html\" data-id=\"d99cd5c\" data-element_type=\"widget\" data-e-type=\"widget\" data-widget_type=\"html.default\">\n\t\t\t\t<div class=\"elementor-widget-container\">\n\t\t\t\t\t<iframe data-description=\"javascript-embed\" id=\"ac-iframe-NoWFjazG7CyNaJTyhrZf-979\" name=\"ac-iframe-NoWFjazG7CyNaJTyhrZf-979\" src=\"https:\/\/www.availabilitycalendar.com\/\/embed\/NoWFjazG7CyNaJTyhrZf\/en-0-1-4-1-0-2-0-0-0-0-0-0-0\/?iframe=true\" height=\"290\" width=\"100%\" frameborder=\"0\" allowtransparency=\"true\" style=\"height: 250px;\"><\/iframe>\t\t\t\t<\/div>\n\t\t\t\t<\/div>\n\t\t\t\t\t<\/div>\n\t\t<\/div>\n\t\t\t\t\t<\/div>\n\t\t<\/section>\n\t\t\t\t<section class=\"elementor-section elementor-inner-section elementor-element elementor-element-458d019 elementor-section-full_width elementor-section-height-default elementor-section-height-default\" data-id=\"458d019\" data-element_type=\"section\" data-e-type=\"section\">\n\t\t\t\t\t\t<div class=\"elementor-container elementor-column-gap-no\">\n\t\t\t\t\t<div class=\"elementor-column elementor-col-100 elementor-inner-column elementor-element elementor-element-e7b0823\" data-id=\"e7b0823\" data-element_type=\"column\" data-e-type=\"column\">\n\t\t\t<div class=\"elementor-widget-wrap elementor-element-populated\">\n\t\t\t\t\t\t<div class=\"elementor-element elementor-element-eec6092 elementor-widget elementor-widget-text-editor\" data-id=\"eec6092\" data-element_type=\"widget\" data-e-type=\"widget\" data-widget_type=\"text-editor.default\">\n\t\t\t\t<div class=\"elementor-widget-container\">\n\t\t\t\t\t\t\t\t\t<p>Bedingungen und Konditionen<\/p>\n\t\t\t\t\t\t\t\t<\/div>\n\t\t\t\t<\/div>\n\t\t\t\t<div class=\"elementor-element elementor-element-650ec5a elementor-widget elementor-widget-text-editor\" data-id=\"650ec5a\" data-element_type=\"widget\" data-e-type=\"widget\" data-widget_type=\"text-editor.default\">\n\t\t\t\t<div class=\"elementor-widget-container\">\n\t\t\t\t\t\t\t\t\t<ul>\n<li>50% der gesamten Buchungsgeb\u00fchr ist erforderlich, um Buchungen zu best\u00e4tigen<\/li>\n<li>Der Restbetrag muss 28 Tage vor der Ankunft vollst\u00e4ndig bezahlt werden.<\/li>\n<li>Buchungen, die weniger als 28 Tage vor der Ankunft get\u00e4tigt werden, m\u00fcssen vollst\u00e4ndig bezahlt werden, um die Buchung zu best\u00e4tigen.<\/li>\n<li>Buchungen von weniger als 5 Tagen liegen im Ermessen der Eigent\u00fcmer und m\u00fcssen vollst\u00e4ndig bezahlt werden, um die Buchung zu best\u00e4tigen.<\/li>\n<li>KEINE Partys, au\u00dfer nach vorheriger Absprache mit den Eigent\u00fcmern.<\/li>\n<li>G\u00e4ste d\u00fcrfen nur mit vorheriger Zustimmung des Eigent\u00fcmers Besuch empfangen.<\/li>\n<li>In der Villa ist das Rauchen verboten. Rauchen ist nur im Gazebo erlaubt.<\/li>\n<li>Keine Haustiere<\/li>\n<li>Br\u00fcche: Jegliche Br\u00fcche\/Sch\u00e4den an der La Serena Villa oder dem Eigentum gehen zu Lasten der Person, die die Buchung h\u00e4lt und ist vor der Abreise zu zahlen.<\/li>\n<li>Haftungsausschluss: Die Eigent\u00fcmer \u00fcbernehmen keine Haftung f\u00fcr Personensch\u00e4den oder Verluste oder Sch\u00e4den an Personen oder Besitzt\u00fcmern, die die Bewohner w\u00e4hrend ihres Aufenthalts in der Villa La Serena erleiden, und die Person, die die Buchung h\u00e4lt, stellt hiermit die Eigent\u00fcmer schadlos und schadlos gegen\u00fcber alle Anspr\u00fcche, die aufgrund von Personensch\u00e4den oder Verlust oder Besch\u00e4digung von Personen oder Besitzt\u00fcmern eines Bewohners entstehen k\u00f6nnen, der unter der Person, die die Buchung h\u00e4lt, besch\u00e4ftigt ist, einschlie\u00dflich der Person, die die Buchung h\u00e4lt, und aller G\u00e4ste oder Besucher, die sie haben.<\/li>\n<\/ul>\n\t\t\t\t\t\t\t\t<\/div>\n\t\t\t\t<\/div>\n\t\t\t\t\t<\/div>\n\t\t<\/div>\n\t\t\t\t\t<\/div>\n\t\t<\/section>\n\t\t\t\t<section class=\"elementor-section elementor-inner-section elementor-element elementor-element-10bc772 elementor-section-full_width elementor-section-height-default elementor-section-height-default\" data-id=\"10bc772\" data-element_type=\"section\" data-e-type=\"section\">\n\t\t\t\t\t\t<div class=\"elementor-container elementor-column-gap-no\">\n\t\t\t\t\t<div class=\"elementor-column elementor-col-100 elementor-inner-column elementor-element elementor-element-6f9e718\" data-id=\"6f9e718\" data-element_type=\"column\" data-e-type=\"column\">\n\t\t\t<div class=\"elementor-widget-wrap elementor-element-populated\">\n\t\t\t\t\t\t<div class=\"elementor-element elementor-element-7c7697c elementor-widget elementor-widget-text-editor\" data-id=\"7c7697c\" data-element_type=\"widget\" data-e-type=\"widget\" data-widget_type=\"text-editor.default\">\n\t\t\t\t<div class=\"elementor-widget-container\">\n\t\t\t\t\t\t\t\t\t<p>Stornierungsbedingungen<\/p>\n\t\t\t\t\t\t\t\t<\/div>\n\t\t\t\t<\/div>\n\t\t\t\t<div class=\"elementor-element elementor-element-40c0078 elementor-widget elementor-widget-text-editor\" data-id=\"40c0078\" data-element_type=\"widget\" data-e-type=\"widget\" data-widget_type=\"text-editor.default\">\n\t\t\t\t<div class=\"elementor-widget-container\">\n\t\t\t\t\t\t\t\t\t<ul>\n<li>\n<p>\u200bStornierungen mehr als 56 Tage vor Anreise \u2013 Sie verlieren 25 % der Anzahlung.<\/p>\n<\/li>\n<li>\n<p>Stornierungen weniger als 56 Tage vor Anreise und mehr als 28 Tage vor Anreise &#8211; Sie verlieren 100 % der Anzahlung.<\/p>\n<\/li>\n<li>\n<p>Stornierungen, die weniger als 28 Tage vor der Ankunft erfolgen &#8211; Sie verlieren 75 % der gesamten Buchungskosten.<\/p>\n<\/li>\n<li>\n<p>Stornierungen weniger als 7 Tage vor der Ankunft &#8211; Sie verlieren 100 % der gesamten Buchungskosten.<\/p>\n<\/li>\n<li>\n<p>Nichterscheinen (G\u00e4ste, die ohne vorherige Ank\u00fcndigung nicht am Ankunftstag anreisen) &#8211; Sie verlieren 100 % der Buchungskosten.<\/p>\n<\/li>\n<li>\n<p>Bei vorzeitiger Abreise erfolgt keine R\u00fcckerstattung.<\/p>\n<\/li>\n<\/ul>\n\t\t\t\t\t\t\t\t<\/div>\n\t\t\t\t<\/div>\n\t\t\t\t\t<\/div>\n\t\t<\/div>\n\t\t\t\t\t<\/div>\n\t\t<\/section>\n\t\t\t\t\t<\/div>\n\t\t<\/div>\n\t\t\t\t\t<\/div>\n\t\t<\/section>\n\t\t\t\t<\/div>\n\t\t","protected":false},"excerpt":{"rendered":"<p>Preise &amp; Verf\u00fcgbarkeit Der Sondertarif gilt f\u00fcr die Weihnachts- und Neujahrszeit vom 19. Dezember bis 7. Januar und f\u00fcr Ferragosto vom 6. August bis 27. August.Eine r\u00fcckzahlbare Kaution kann zum Zeitpunkt der Zahlung erhoben werden. (Mindestaufenthalt &#8211; 3 N\u00e4chte) Villa Mietpreise Bedingungen und Konditionen 50% der gesamten Buchungsgeb\u00fchr ist erforderlich, um Buchungen zu best\u00e4tigen Der [&hellip;]<\/p>\n","protected":false},"author":3,"featured_media":0,"parent":0,"menu_order":0,"comment_status":"closed","ping_status":"closed","template":"","meta":{"_acf_changed":false,"footnotes":""},"class_list":["post-2086","page","type-page","status-publish","hentry"],"acf":[],"yoast_head":"<!-- This site is optimized with the Yoast SEO plugin v27.3 - https:\/\/yoast.com\/product\/yoast-seo-wordpress\/ -->\n<title>Preise &amp; Daten - La Serena Umbria<\/title>\n<meta name=\"robots\" content=\"index, follow, max-snippet:-1, max-image-preview:large, max-video-preview:-1\" \/>\n<link rel=\"canonical\" href=\"https:\/\/www.laserenaumbria.com\/de\/preise-daten\/\" \/>\n<meta property=\"og:locale\" content=\"de_DE\" \/>\n<meta property=\"og:type\" content=\"article\" \/>\n<meta property=\"og:title\" content=\"Preise &amp; Daten - La Serena Umbria\" \/>\n<meta property=\"og:description\" content=\"Preise &amp; Verf\u00fcgbarkeit Der Sondertarif gilt f\u00fcr die Weihnachts- und Neujahrszeit vom 19. Dezember bis 7. Januar und f\u00fcr Ferragosto vom 6. August bis 27. August.Eine r\u00fcckzahlbare Kaution kann zum Zeitpunkt der Zahlung erhoben werden. (Mindestaufenthalt &#8211; 3 N\u00e4chte) Villa Mietpreise Bedingungen und Konditionen 50% der gesamten Buchungsgeb\u00fchr ist erforderlich, um Buchungen zu best\u00e4tigen Der [&hellip;]\" \/>\n<meta property=\"og:url\" content=\"https:\/\/www.laserenaumbria.com\/de\/preise-daten\/\" \/>\n<meta property=\"og:site_name\" content=\"La Serena Umbria\" \/>\n<meta property=\"article:modified_time\" content=\"2021-12-22T09:32:17+00:00\" \/>\n<meta name=\"twitter:card\" content=\"summary_large_image\" \/>\n<meta name=\"twitter:label1\" content=\"Gesch\u00e4tzte Lesezeit\" \/>\n\t<meta name=\"twitter:data1\" content=\"2\u00a0Minuten\" \/>\n<script type=\"application\/ld+json\" class=\"yoast-schema-graph\">{\"@context\":\"https:\\\/\\\/schema.org\",\"@graph\":[{\"@type\":\"WebPage\",\"@id\":\"https:\\\/\\\/www.laserenaumbria.com\\\/de\\\/preise-daten\\\/\",\"url\":\"https:\\\/\\\/www.laserenaumbria.com\\\/de\\\/preise-daten\\\/\",\"name\":\"Preise &amp; Daten - La Serena Umbria\",\"isPartOf\":{\"@id\":\"https:\\\/\\\/www.laserenaumbria.com\\\/de\\\/#website\"},\"datePublished\":\"2021-12-22T09:32:15+00:00\",\"dateModified\":\"2021-12-22T09:32:17+00:00\",\"breadcrumb\":{\"@id\":\"https:\\\/\\\/www.laserenaumbria.com\\\/de\\\/preise-daten\\\/#breadcrumb\"},\"inLanguage\":\"de\",\"potentialAction\":[{\"@type\":\"ReadAction\",\"target\":[\"https:\\\/\\\/www.laserenaumbria.com\\\/de\\\/preise-daten\\\/\"]}]},{\"@type\":\"BreadcrumbList\",\"@id\":\"https:\\\/\\\/www.laserenaumbria.com\\\/de\\\/preise-daten\\\/#breadcrumb\",\"itemListElement\":[{\"@type\":\"ListItem\",\"position\":1,\"name\":\"Startseite\",\"item\":\"https:\\\/\\\/www.laserenaumbria.com\\\/de\\\/\"},{\"@type\":\"ListItem\",\"position\":2,\"name\":\"Preise &amp; Daten\"}]},{\"@type\":\"WebSite\",\"@id\":\"https:\\\/\\\/www.laserenaumbria.com\\\/de\\\/#website\",\"url\":\"https:\\\/\\\/www.laserenaumbria.com\\\/de\\\/\",\"name\":\"La Serena Umbria\",\"description\":\"Holidays in a Villa for rent in Umbria next to Tuscany and Lago di Trasimeno\",\"potentialAction\":[{\"@type\":\"SearchAction\",\"target\":{\"@type\":\"EntryPoint\",\"urlTemplate\":\"https:\\\/\\\/www.laserenaumbria.com\\\/de\\\/?s={search_term_string}\"},\"query-input\":{\"@type\":\"PropertyValueSpecification\",\"valueRequired\":true,\"valueName\":\"search_term_string\"}}],\"inLanguage\":\"de\"}]}<\/script>\n<!-- \/ Yoast SEO plugin. -->","yoast_head_json":{"title":"Preise &amp; Daten - La Serena Umbria","robots":{"index":"index","follow":"follow","max-snippet":"max-snippet:-1","max-image-preview":"max-image-preview:large","max-video-preview":"max-video-preview:-1"},"canonical":"https:\/\/www.laserenaumbria.com\/de\/preise-daten\/","og_locale":"de_DE","og_type":"article","og_title":"Preise &amp; Daten - La Serena Umbria","og_description":"Preise &amp; Verf\u00fcgbarkeit Der Sondertarif gilt f\u00fcr die Weihnachts- und Neujahrszeit vom 19. Dezember bis 7. Januar und f\u00fcr Ferragosto vom 6. August bis 27. August.Eine r\u00fcckzahlbare Kaution kann zum Zeitpunkt der Zahlung erhoben werden. (Mindestaufenthalt &#8211; 3 N\u00e4chte) Villa Mietpreise Bedingungen und Konditionen 50% der gesamten Buchungsgeb\u00fchr ist erforderlich, um Buchungen zu best\u00e4tigen Der [&hellip;]","og_url":"https:\/\/www.laserenaumbria.com\/de\/preise-daten\/","og_site_name":"La Serena Umbria","article_modified_time":"2021-12-22T09:32:17+00:00","twitter_card":"summary_large_image","twitter_misc":{"Gesch\u00e4tzte Lesezeit":"2\u00a0Minuten"},"schema":{"@context":"https:\/\/schema.org","@graph":[{"@type":"WebPage","@id":"https:\/\/www.laserenaumbria.com\/de\/preise-daten\/","url":"https:\/\/www.laserenaumbria.com\/de\/preise-daten\/","name":"Preise &amp; Daten - La Serena Umbria","isPartOf":{"@id":"https:\/\/www.laserenaumbria.com\/de\/#website"},"datePublished":"2021-12-22T09:32:15+00:00","dateModified":"2021-12-22T09:32:17+00:00","breadcrumb":{"@id":"https:\/\/www.laserenaumbria.com\/de\/preise-daten\/#breadcrumb"},"inLanguage":"de","potentialAction":[{"@type":"ReadAction","target":["https:\/\/www.laserenaumbria.com\/de\/preise-daten\/"]}]},{"@type":"BreadcrumbList","@id":"https:\/\/www.laserenaumbria.com\/de\/preise-daten\/#breadcrumb","itemListElement":[{"@type":"ListItem","position":1,"name":"Startseite","item":"https:\/\/www.laserenaumbria.com\/de\/"},{"@type":"ListItem","position":2,"name":"Preise &amp; Daten"}]},{"@type":"WebSite","@id":"https:\/\/www.laserenaumbria.com\/de\/#website","url":"https:\/\/www.laserenaumbria.com\/de\/","name":"La Serena Umbria","description":"Holidays in a Villa for rent in Umbria next to Tuscany and Lago di Trasimeno","potentialAction":[{"@type":"SearchAction","target":{"@type":"EntryPoint","urlTemplate":"https:\/\/www.laserenaumbria.com\/de\/?s={search_term_string}"},"query-input":{"@type":"PropertyValueSpecification","valueRequired":true,"valueName":"search_term_string"}}],"inLanguage":"de"}]}},"_links":{"self":[{"href":"https:\/\/www.laserenaumbria.com\/de\/wp-json\/wp\/v2\/pages\/2086","targetHints":{"allow":["GET"]}}],"collection":[{"href":"https:\/\/www.laserenaumbria.com\/de\/wp-json\/wp\/v2\/pages"}],"about":[{"href":"https:\/\/www.laserenaumbria.com\/de\/wp-json\/wp\/v2\/types\/page"}],"author":[{"embeddable":true,"href":"https:\/\/www.laserenaumbria.com\/de\/wp-json\/wp\/v2\/users\/3"}],"replies":[{"embeddable":true,"href":"https:\/\/www.laserenaumbria.com\/de\/wp-json\/wp\/v2\/comments?post=2086"}],"version-history":[{"count":2,"href":"https:\/\/www.laserenaumbria.com\/de\/wp-json\/wp\/v2\/pages\/2086\/revisions"}],"predecessor-version":[{"id":2088,"href":"https:\/\/www.laserenaumbria.com\/de\/wp-json\/wp\/v2\/pages\/2086\/revisions\/2088"}],"wp:attachment":[{"href":"https:\/\/www.laserenaumbria.com\/de\/wp-json\/wp\/v2\/media?parent=2086"}],"curies":[{"name":"wp","href":"https:\/\/api.w.org\/{rel}","templated":true}]}}