{"id":2091,"date":"2021-12-22T17:33:58","date_gmt":"2021-12-22T16:33:58","guid":{"rendered":"https:\/\/www.laserenaumbria.com\/die-villa\/"},"modified":"2022-03-24T18:08:50","modified_gmt":"2022-03-24T17:08:50","slug":"die-villa","status":"publish","type":"page","link":"https:\/\/www.laserenaumbria.com\/de\/die-villa\/","title":{"rendered":"Die Villa"},"content":{"rendered":"\t\t<div data-elementor-type=\"wp-page\" data-elementor-id=\"2091\" class=\"elementor elementor-2091 elementor-15\" data-elementor-post-type=\"page\">\n\t\t\t\t\t\t<section class=\"elementor-section elementor-top-section elementor-element elementor-element-9111778 elementor-section-stretched elementor-section-boxed elementor-section-height-default elementor-section-height-default\" data-id=\"9111778\" data-element_type=\"section\" data-e-type=\"section\" data-settings=\"{&quot;stretch_section&quot;:&quot;section-stretched&quot;}\">\n\t\t\t\t\t\t<div class=\"elementor-container elementor-column-gap-default\">\n\t\t\t\t\t<div class=\"elementor-column elementor-col-100 elementor-top-column elementor-element elementor-element-7129c60\" data-id=\"7129c60\" data-element_type=\"column\" data-e-type=\"column\">\n\t\t\t<div class=\"elementor-widget-wrap elementor-element-populated\">\n\t\t\t\t\t\t<div class=\"elementor-element elementor-element-18eba96 elementor-widget elementor-widget-text-editor\" data-id=\"18eba96\" data-element_type=\"widget\" data-e-type=\"widget\" data-widget_type=\"text-editor.default\">\n\t\t\t\t<div class=\"elementor-widget-container\">\n\t\t\t\t\t\t\t\t\t<p>Innenr\u00e4ume<\/p>\t\t\t\t\t\t\t\t<\/div>\n\t\t\t\t<\/div>\n\t\t\t\t<div class=\"elementor-element elementor-element-172c11f elementor-widget elementor-widget-text-editor\" data-id=\"172c11f\" data-element_type=\"widget\" data-e-type=\"widget\" data-widget_type=\"text-editor.default\">\n\t\t\t\t<div class=\"elementor-widget-container\">\n\t\t\t\t\t\t\t\t\tErdgeschoss\t\t\t\t\t\t\t\t<\/div>\n\t\t\t\t<\/div>\n\t\t\t\t<div class=\"elementor-element elementor-element-42b1371 elementor-widget elementor-widget-text-editor\" data-id=\"42b1371\" data-element_type=\"widget\" data-e-type=\"widget\" data-widget_type=\"text-editor.default\">\n\t\t\t\t<div class=\"elementor-widget-container\">\n\t\t\t\t\t\t\t\t\t<p>In unserem sauberen, komfortablen Haus werden Sie sich sofort wie zu Hause f\u00fchlen. Wir stellen Handt\u00fccher, Bettw\u00e4sche, Decken, Kissen, Geschirr, T\u00f6pfe und Pfannen zur Verf\u00fcgung \u2013 alle Annehmlichkeiten, die Sie f\u00fcr einen erholsamen R\u00fcckzug ben\u00f6tigen.<\/p><ul><li>Im Erdgeschoss finden Sie eine gro\u00dfe, professionelle K\u00fcche mit 2 Einbauback\u00f6fen, Mikrowelle, Geschirrsp\u00fcler, gro\u00dfem K\u00fchlschrank und Kaffeemaschine.<\/li><li>Es gibt einen Abstellraum\/Speisekammer mit Regallager und K\u00fchl-\/Gefrierschrank.<\/li><li>Das Ess- und Wohnzimmer bietet bequem Platz f\u00fcr bis zu 20 G\u00e4ste, mit gro\u00dfen franz\u00f6sischen Fenstern nach S\u00fcden und Zugang zur Terrasse mit \u00fcberdachtem Essbereich.<\/li><li>Im Erdgeschoss befinden sich 2 der Schlafzimmer, Ciliegia und Olivia. Alle Details zu den Zimmern finden Sie in der Rubrik <a href=\"https:\/\/www.laserenaumbria.com\/de\/rooms\/\">Zimmer<\/a> .<\/li><li>Das Erdgeschoss vervollst\u00e4ndigen ein komplett gefliestes Badezimmer, der Eingangsbereich und eine Treppe zum ersten Stock.<\/li><\/ul>\t\t\t\t\t\t\t\t<\/div>\n\t\t\t\t<\/div>\n\t\t\t\t<div class=\"elementor-element elementor-element-a4fb0ec elementor-widget elementor-widget-text-editor\" data-id=\"a4fb0ec\" data-element_type=\"widget\" data-e-type=\"widget\" data-widget_type=\"text-editor.default\">\n\t\t\t\t<div class=\"elementor-widget-container\">\n\t\t\t\t\t\t\t\t\t<p>Erster Stock<\/p>\t\t\t\t\t\t\t\t<\/div>\n\t\t\t\t<\/div>\n\t\t\t\t<div class=\"elementor-element elementor-element-085518f elementor-widget elementor-widget-text-editor\" data-id=\"085518f\" data-element_type=\"widget\" data-e-type=\"widget\" data-widget_type=\"text-editor.default\">\n\t\t\t\t<div class=\"elementor-widget-container\">\n\t\t\t\t\t\t\t\t\t<ul><li>Im ersten Stock gibt es 5 gro\u00dfe Doppelzimmer, jedes mit eigenem Badezimmer und Balkon.<\/li><li>Es gibt eine Bibliothek mit B\u00fcchern und DVDs\/BlueRays.<\/li><li>Schlie\u00dflich gibt es noch eine brandneue K\u00fcche mit Ausblick auf den Pool.<\/li><\/ul>\t\t\t\t\t\t\t\t<\/div>\n\t\t\t\t<\/div>\n\t\t\t\t<div class=\"elementor-element elementor-element-b2d8e6c elementor-widget elementor-widget-gallery\" data-id=\"b2d8e6c\" data-element_type=\"widget\" data-e-type=\"widget\" data-settings=\"{&quot;columns_tablet&quot;:4,&quot;columns_mobile&quot;:4,&quot;lazyload&quot;:&quot;yes&quot;,&quot;gallery_layout&quot;:&quot;grid&quot;,&quot;columns&quot;:4,&quot;gap&quot;:{&quot;unit&quot;:&quot;px&quot;,&quot;size&quot;:10,&quot;sizes&quot;:[]},&quot;gap_tablet&quot;:{&quot;unit&quot;:&quot;px&quot;,&quot;size&quot;:10,&quot;sizes&quot;:[]},&quot;gap_mobile&quot;:{&quot;unit&quot;:&quot;px&quot;,&quot;size&quot;:10,&quot;sizes&quot;:[]},&quot;link_to&quot;:&quot;file&quot;,&quot;aspect_ratio&quot;:&quot;3:2&quot;,&quot;overlay_background&quot;:&quot;yes&quot;,&quot;content_hover_animation&quot;:&quot;fade-in&quot;}\" data-widget_type=\"gallery.default\">\n\t\t\t\t<div class=\"elementor-widget-container\">\n\t\t\t\t\t\t\t<div class=\"elementor-gallery__container\">\n\t\t\t\t\t\t\t<a class=\"e-gallery-item elementor-gallery-item elementor-animated-content\" href=\"https:\/\/www.laserenaumbria.com\/wp-content\/uploads\/2021\/01\/teaserbox_10931828.jpg\" data-elementor-open-lightbox=\"yes\" data-elementor-lightbox-slideshow=\"b2d8e6c\" data-elementor-lightbox-title=\"teaserbox_10931828\" data-e-action-hash=\"#elementor-action%3Aaction%3Dlightbox%26settings%3DeyJpZCI6NDQ2LCJ1cmwiOiJodHRwczpcL1wvd3d3Lmxhc2VyZW5hdW1icmlhLmNvbVwvd3AtY29udGVudFwvdXBsb2Fkc1wvMjAyMVwvMDFcL3RlYXNlcmJveF8xMDkzMTgyOC5qcGciLCJzbGlkZXNob3ciOiJiMmQ4ZTZjIn0%3D\">\n\t\t\t\t\t<div class=\"e-gallery-image elementor-gallery-item__image\" data-thumbnail=\"https:\/\/www.laserenaumbria.com\/wp-content\/uploads\/2021\/01\/teaserbox_10931828.jpg\" data-width=\"900\" data-height=\"545\" aria-label=\"\" role=\"img\" ><\/div>\n\t\t\t\t\t\t\t\t\t\t\t<div class=\"elementor-gallery-item__overlay\"><\/div>\n\t\t\t\t\t\t\t\t\t\t\t\t\t\t<\/a>\n\t\t\t\t\t\t\t<a class=\"e-gallery-item elementor-gallery-item elementor-animated-content\" href=\"https:\/\/www.laserenaumbria.com\/wp-content\/uploads\/2021\/01\/teaserbox_10931521.jpg\" data-elementor-open-lightbox=\"yes\" data-elementor-lightbox-slideshow=\"b2d8e6c\" data-elementor-lightbox-title=\"teaserbox_10931521\" data-e-action-hash=\"#elementor-action%3Aaction%3Dlightbox%26settings%3DeyJpZCI6NDQ4LCJ1cmwiOiJodHRwczpcL1wvd3d3Lmxhc2VyZW5hdW1icmlhLmNvbVwvd3AtY29udGVudFwvdXBsb2Fkc1wvMjAyMVwvMDFcL3RlYXNlcmJveF8xMDkzMTUyMS5qcGciLCJzbGlkZXNob3ciOiJiMmQ4ZTZjIn0%3D\">\n\t\t\t\t\t<div class=\"e-gallery-image elementor-gallery-item__image\" data-thumbnail=\"https:\/\/www.laserenaumbria.com\/wp-content\/uploads\/2021\/01\/teaserbox_10931521.jpg\" data-width=\"900\" data-height=\"453\" aria-label=\"\" role=\"img\" ><\/div>\n\t\t\t\t\t\t\t\t\t\t\t<div class=\"elementor-gallery-item__overlay\"><\/div>\n\t\t\t\t\t\t\t\t\t\t\t\t\t\t<\/a>\n\t\t\t\t\t\t\t<a class=\"e-gallery-item elementor-gallery-item elementor-animated-content\" href=\"https:\/\/www.laserenaumbria.com\/wp-content\/uploads\/2021\/08\/20210521-L1020439-Large.jpg\" data-elementor-open-lightbox=\"yes\" data-elementor-lightbox-slideshow=\"b2d8e6c\" data-elementor-lightbox-title=\"20210521-L1020439 (Large)\" data-e-action-hash=\"#elementor-action%3Aaction%3Dlightbox%26settings%3DeyJpZCI6MTkwMiwidXJsIjoiaHR0cHM6XC9cL3d3dy5sYXNlcmVuYXVtYnJpYS5jb21cL3dwLWNvbnRlbnRcL3VwbG9hZHNcLzIwMjFcLzA4XC8yMDIxMDUyMS1MMTAyMDQzOS1MYXJnZS5qcGciLCJzbGlkZXNob3ciOiJiMmQ4ZTZjIn0%3D\">\n\t\t\t\t\t<div class=\"e-gallery-image elementor-gallery-item__image\" data-thumbnail=\"https:\/\/www.laserenaumbria.com\/wp-content\/uploads\/2021\/08\/20210521-L1020439-Large.jpg\" data-width=\"1620\" data-height=\"1080\" aria-label=\"\" role=\"img\" ><\/div>\n\t\t\t\t\t\t\t\t\t\t\t<div class=\"elementor-gallery-item__overlay\"><\/div>\n\t\t\t\t\t\t\t\t\t\t\t\t\t\t<\/a>\n\t\t\t\t\t\t\t<a class=\"e-gallery-item elementor-gallery-item elementor-animated-content\" href=\"https:\/\/www.laserenaumbria.com\/wp-content\/uploads\/2021\/08\/20210521-L1020472-Large.jpg\" data-elementor-open-lightbox=\"yes\" data-elementor-lightbox-slideshow=\"b2d8e6c\" data-elementor-lightbox-title=\"20210521-L1020472 (Large)\" data-e-action-hash=\"#elementor-action%3Aaction%3Dlightbox%26settings%3DeyJpZCI6MTkwOCwidXJsIjoiaHR0cHM6XC9cL3d3dy5sYXNlcmVuYXVtYnJpYS5jb21cL3dwLWNvbnRlbnRcL3VwbG9hZHNcLzIwMjFcLzA4XC8yMDIxMDUyMS1MMTAyMDQ3Mi1MYXJnZS5qcGciLCJzbGlkZXNob3ciOiJiMmQ4ZTZjIn0%3D\">\n\t\t\t\t\t<div class=\"e-gallery-image elementor-gallery-item__image\" data-thumbnail=\"https:\/\/www.laserenaumbria.com\/wp-content\/uploads\/2021\/08\/20210521-L1020472-Large.jpg\" data-width=\"1620\" data-height=\"1080\" aria-label=\"\" role=\"img\" ><\/div>\n\t\t\t\t\t\t\t\t\t\t\t<div class=\"elementor-gallery-item__overlay\"><\/div>\n\t\t\t\t\t\t\t\t\t\t\t\t\t\t<\/a>\n\t\t\t\t\t<\/div>\n\t\t\t\t\t<\/div>\n\t\t\t\t<\/div>\n\t\t\t\t<div class=\"elementor-element elementor-element-88b7f71 elementor-widget elementor-widget-text-editor\" data-id=\"88b7f71\" data-element_type=\"widget\" data-e-type=\"widget\" data-widget_type=\"text-editor.default\">\n\t\t\t\t<div class=\"elementor-widget-container\">\n\t\t\t\t\t\t\t\t\t<p>Au\u00dfenbereiche<\/p>\t\t\t\t\t\t\t\t<\/div>\n\t\t\t\t<\/div>\n\t\t\t\t<div class=\"elementor-element elementor-element-055bade elementor-widget elementor-widget-text-editor\" data-id=\"055bade\" data-element_type=\"widget\" data-e-type=\"widget\" data-widget_type=\"text-editor.default\">\n\t\t\t\t<div class=\"elementor-widget-container\">\n\t\t\t\t\t\t\t\t\t<p>La Serena bietet die perfekte Basis f\u00fcr Streifz\u00fcge ins Umland und l\u00e4ngere Ausfl\u00fcge. Lassen Sie das Vogelgezwitscher den Stress des Alltags verdr\u00e4ngen.<\/p><p>Unser sch\u00f6ner, ruhiger Garten ist der perfekte Platz um die mittelitalienische Landschaft in einer sicheren und sauberen Umgebung zu genie\u00dfen. Bringen Sie Ihre Kinder mit, legen Sie die Beine hoch und erfreuen Sie sich an der Aussicht.<\/p><p>Nutzen Sie die folgenden tollen Au\u00dfenbereiche:<\/p><ul><li>\u00dcberdachter Pavillon<\/li><li>Sitzbereiche im Garten<\/li><li>Gro\u00dffl\u00e4chige, s\u00fcdseitige Terrasse<\/li><li>Outdoor Grillbereich und Pizzaofen<\/li><li>Gro\u00dfer Swimming Pool<\/li><li>Mountainbikes <\/li><li>Leichter Zugang zu Wanderwegen<\/li><li>und mehr<\/li><\/ul>\t\t\t\t\t\t\t\t<\/div>\n\t\t\t\t<\/div>\n\t\t\t\t<div class=\"elementor-element elementor-element-38693b7 elementor-widget elementor-widget-gallery\" data-id=\"38693b7\" data-element_type=\"widget\" data-e-type=\"widget\" data-settings=\"{&quot;columns_tablet&quot;:4,&quot;columns_mobile&quot;:4,&quot;lazyload&quot;:&quot;yes&quot;,&quot;gallery_layout&quot;:&quot;grid&quot;,&quot;columns&quot;:4,&quot;gap&quot;:{&quot;unit&quot;:&quot;px&quot;,&quot;size&quot;:10,&quot;sizes&quot;:[]},&quot;gap_tablet&quot;:{&quot;unit&quot;:&quot;px&quot;,&quot;size&quot;:10,&quot;sizes&quot;:[]},&quot;gap_mobile&quot;:{&quot;unit&quot;:&quot;px&quot;,&quot;size&quot;:10,&quot;sizes&quot;:[]},&quot;link_to&quot;:&quot;file&quot;,&quot;aspect_ratio&quot;:&quot;3:2&quot;,&quot;overlay_background&quot;:&quot;yes&quot;,&quot;content_hover_animation&quot;:&quot;fade-in&quot;}\" data-widget_type=\"gallery.default\">\n\t\t\t\t<div class=\"elementor-widget-container\">\n\t\t\t\t\t\t\t<div class=\"elementor-gallery__container\">\n\t\t\t\t\t\t\t<a class=\"e-gallery-item elementor-gallery-item elementor-animated-content\" href=\"https:\/\/www.laserenaumbria.com\/wp-content\/uploads\/2021\/08\/20210519-20210519-L1020137-Large.jpg\" data-elementor-open-lightbox=\"yes\" data-elementor-lightbox-slideshow=\"38693b7\" data-elementor-lightbox-title=\"20210519-20210519-L1020137 (Large)\" data-e-action-hash=\"#elementor-action%3Aaction%3Dlightbox%26settings%3DeyJpZCI6MTk1NiwidXJsIjoiaHR0cHM6XC9cL3d3dy5sYXNlcmVuYXVtYnJpYS5jb21cL3dwLWNvbnRlbnRcL3VwbG9hZHNcLzIwMjFcLzA4XC8yMDIxMDUxOS0yMDIxMDUxOS1MMTAyMDEzNy1MYXJnZS5qcGciLCJzbGlkZXNob3ciOiIzODY5M2I3In0%3D\">\n\t\t\t\t\t<div class=\"e-gallery-image elementor-gallery-item__image\" data-thumbnail=\"https:\/\/www.laserenaumbria.com\/wp-content\/uploads\/2021\/08\/20210519-20210519-L1020137-Large.jpg\" data-width=\"1620\" data-height=\"1080\" aria-label=\"\" role=\"img\" ><\/div>\n\t\t\t\t\t\t\t\t\t\t\t<div class=\"elementor-gallery-item__overlay\"><\/div>\n\t\t\t\t\t\t\t\t\t\t\t\t\t\t<\/a>\n\t\t\t\t\t\t\t<a class=\"e-gallery-item elementor-gallery-item elementor-animated-content\" href=\"https:\/\/www.laserenaumbria.com\/wp-content\/uploads\/2021\/08\/20210521-L1020540-Large.jpg\" data-elementor-open-lightbox=\"yes\" data-elementor-lightbox-slideshow=\"38693b7\" data-elementor-lightbox-title=\"20210521-L1020540 (Large)\" data-e-action-hash=\"#elementor-action%3Aaction%3Dlightbox%26settings%3DeyJpZCI6MTkyOSwidXJsIjoiaHR0cHM6XC9cL3d3dy5sYXNlcmVuYXVtYnJpYS5jb21cL3dwLWNvbnRlbnRcL3VwbG9hZHNcLzIwMjFcLzA4XC8yMDIxMDUyMS1MMTAyMDU0MC1MYXJnZS5qcGciLCJzbGlkZXNob3ciOiIzODY5M2I3In0%3D\">\n\t\t\t\t\t<div class=\"e-gallery-image elementor-gallery-item__image\" data-thumbnail=\"https:\/\/www.laserenaumbria.com\/wp-content\/uploads\/2021\/08\/20210521-L1020540-Large.jpg\" data-width=\"1620\" data-height=\"1080\" aria-label=\"\" role=\"img\" ><\/div>\n\t\t\t\t\t\t\t\t\t\t\t<div class=\"elementor-gallery-item__overlay\"><\/div>\n\t\t\t\t\t\t\t\t\t\t\t\t\t\t<\/a>\n\t\t\t\t\t\t\t<a class=\"e-gallery-item elementor-gallery-item elementor-animated-content\" href=\"https:\/\/www.laserenaumbria.com\/wp-content\/uploads\/2021\/08\/20210520-L1020335-Large.jpg\" data-elementor-open-lightbox=\"yes\" data-elementor-lightbox-slideshow=\"38693b7\" data-elementor-lightbox-title=\"20210520-L1020335 (Large)\" data-e-action-hash=\"#elementor-action%3Aaction%3Dlightbox%26settings%3DeyJpZCI6MTg1NCwidXJsIjoiaHR0cHM6XC9cL3d3dy5sYXNlcmVuYXVtYnJpYS5jb21cL3dwLWNvbnRlbnRcL3VwbG9hZHNcLzIwMjFcLzA4XC8yMDIxMDUyMC1MMTAyMDMzNS1MYXJnZS5qcGciLCJzbGlkZXNob3ciOiIzODY5M2I3In0%3D\">\n\t\t\t\t\t<div class=\"e-gallery-image elementor-gallery-item__image\" data-thumbnail=\"https:\/\/www.laserenaumbria.com\/wp-content\/uploads\/2021\/08\/20210520-L1020335-Large.jpg\" data-width=\"1620\" data-height=\"1080\" aria-label=\"\" role=\"img\" ><\/div>\n\t\t\t\t\t\t\t\t\t\t\t<div class=\"elementor-gallery-item__overlay\"><\/div>\n\t\t\t\t\t\t\t\t\t\t\t\t\t\t<\/a>\n\t\t\t\t\t\t\t<a class=\"e-gallery-item elementor-gallery-item elementor-animated-content\" href=\"https:\/\/www.laserenaumbria.com\/wp-content\/uploads\/2021\/08\/20200912-20200912_183626-Large.jpg\" data-elementor-open-lightbox=\"yes\" data-elementor-lightbox-slideshow=\"38693b7\" data-elementor-lightbox-title=\"20200912-20200912_183626 (Large)\" data-e-action-hash=\"#elementor-action%3Aaction%3Dlightbox%26settings%3DeyJpZCI6MTc3OCwidXJsIjoiaHR0cHM6XC9cL3d3dy5sYXNlcmVuYXVtYnJpYS5jb21cL3dwLWNvbnRlbnRcL3VwbG9hZHNcLzIwMjFcLzA4XC8yMDIwMDkxMi0yMDIwMDkxMl8xODM2MjYtTGFyZ2UuanBnIiwic2xpZGVzaG93IjoiMzg2OTNiNyJ9\">\n\t\t\t\t\t<div class=\"e-gallery-image elementor-gallery-item__image\" data-thumbnail=\"https:\/\/www.laserenaumbria.com\/wp-content\/uploads\/2021\/08\/20200912-20200912_183626-Large.jpg\" data-width=\"1440\" data-height=\"1080\" aria-label=\"\" role=\"img\" ><\/div>\n\t\t\t\t\t\t\t\t\t\t\t<div class=\"elementor-gallery-item__overlay\"><\/div>\n\t\t\t\t\t\t\t\t\t\t\t\t\t\t<\/a>\n\t\t\t\t\t<\/div>\n\t\t\t\t\t<\/div>\n\t\t\t\t<\/div>\n\t\t\t\t\t<\/div>\n\t\t<\/div>\n\t\t\t\t\t<\/div>\n\t\t<\/section>\n\t\t\t\t<\/div>\n\t\t","protected":false},"excerpt":{"rendered":"<p>Innenr\u00e4ume Erdgeschoss In unserem sauberen, komfortablen Haus werden Sie sich sofort wie zu Hause f\u00fchlen. Wir stellen Handt\u00fccher, Bettw\u00e4sche, Decken, Kissen, Geschirr, T\u00f6pfe und Pfannen zur Verf\u00fcgung \u2013 alle Annehmlichkeiten, die Sie f\u00fcr einen erholsamen R\u00fcckzug ben\u00f6tigen. Im Erdgeschoss finden Sie eine gro\u00dfe, professionelle K\u00fcche mit 2 Einbauback\u00f6fen, Mikrowelle, Geschirrsp\u00fcler, gro\u00dfem K\u00fchlschrank und Kaffeemaschine. Es [&hellip;]<\/p>\n","protected":false},"author":3,"featured_media":0,"parent":0,"menu_order":0,"comment_status":"closed","ping_status":"closed","template":"","meta":{"_acf_changed":false,"footnotes":""},"class_list":["post-2091","page","type-page","status-publish","hentry"],"acf":[],"yoast_head":"<!-- This site is optimized with the Yoast SEO plugin v27.3 - https:\/\/yoast.com\/product\/yoast-seo-wordpress\/ -->\n<title>Die Villa - La Serena Umbria<\/title>\n<meta name=\"robots\" content=\"index, follow, max-snippet:-1, max-image-preview:large, max-video-preview:-1\" \/>\n<link rel=\"canonical\" href=\"https:\/\/www.laserenaumbria.com\/de\/die-villa\/\" \/>\n<meta property=\"og:locale\" content=\"de_DE\" \/>\n<meta property=\"og:type\" content=\"article\" \/>\n<meta property=\"og:title\" content=\"Die Villa - La Serena Umbria\" \/>\n<meta property=\"og:description\" content=\"Innenr\u00e4ume Erdgeschoss In unserem sauberen, komfortablen Haus werden Sie sich sofort wie zu Hause f\u00fchlen. Wir stellen Handt\u00fccher, Bettw\u00e4sche, Decken, Kissen, Geschirr, T\u00f6pfe und Pfannen zur Verf\u00fcgung \u2013 alle Annehmlichkeiten, die Sie f\u00fcr einen erholsamen R\u00fcckzug ben\u00f6tigen. Im Erdgeschoss finden Sie eine gro\u00dfe, professionelle K\u00fcche mit 2 Einbauback\u00f6fen, Mikrowelle, Geschirrsp\u00fcler, gro\u00dfem K\u00fchlschrank und Kaffeemaschine. Es [&hellip;]\" \/>\n<meta property=\"og:url\" content=\"https:\/\/www.laserenaumbria.com\/de\/die-villa\/\" \/>\n<meta property=\"og:site_name\" content=\"La Serena Umbria\" \/>\n<meta property=\"article:modified_time\" content=\"2022-03-24T17:08:50+00:00\" \/>\n<meta name=\"twitter:card\" content=\"summary_large_image\" \/>\n<meta name=\"twitter:label1\" content=\"Gesch\u00e4tzte Lesezeit\" \/>\n\t<meta name=\"twitter:data1\" content=\"1\u00a0Minute\" \/>\n<script type=\"application\/ld+json\" class=\"yoast-schema-graph\">{\"@context\":\"https:\\\/\\\/schema.org\",\"@graph\":[{\"@type\":\"WebPage\",\"@id\":\"https:\\\/\\\/www.laserenaumbria.com\\\/de\\\/die-villa\\\/\",\"url\":\"https:\\\/\\\/www.laserenaumbria.com\\\/de\\\/die-villa\\\/\",\"name\":\"Die Villa - La Serena Umbria\",\"isPartOf\":{\"@id\":\"https:\\\/\\\/www.laserenaumbria.com\\\/de\\\/#website\"},\"datePublished\":\"2021-12-22T16:33:58+00:00\",\"dateModified\":\"2022-03-24T17:08:50+00:00\",\"breadcrumb\":{\"@id\":\"https:\\\/\\\/www.laserenaumbria.com\\\/de\\\/die-villa\\\/#breadcrumb\"},\"inLanguage\":\"de\",\"potentialAction\":[{\"@type\":\"ReadAction\",\"target\":[\"https:\\\/\\\/www.laserenaumbria.com\\\/de\\\/die-villa\\\/\"]}]},{\"@type\":\"BreadcrumbList\",\"@id\":\"https:\\\/\\\/www.laserenaumbria.com\\\/de\\\/die-villa\\\/#breadcrumb\",\"itemListElement\":[{\"@type\":\"ListItem\",\"position\":1,\"name\":\"Startseite\",\"item\":\"https:\\\/\\\/www.laserenaumbria.com\\\/de\\\/\"},{\"@type\":\"ListItem\",\"position\":2,\"name\":\"Die Villa\"}]},{\"@type\":\"WebSite\",\"@id\":\"https:\\\/\\\/www.laserenaumbria.com\\\/de\\\/#website\",\"url\":\"https:\\\/\\\/www.laserenaumbria.com\\\/de\\\/\",\"name\":\"La Serena Umbria\",\"description\":\"Holidays in a Villa for rent in Umbria next to Tuscany and Lago di Trasimeno\",\"potentialAction\":[{\"@type\":\"SearchAction\",\"target\":{\"@type\":\"EntryPoint\",\"urlTemplate\":\"https:\\\/\\\/www.laserenaumbria.com\\\/de\\\/?s={search_term_string}\"},\"query-input\":{\"@type\":\"PropertyValueSpecification\",\"valueRequired\":true,\"valueName\":\"search_term_string\"}}],\"inLanguage\":\"de\"}]}<\/script>\n<!-- \/ Yoast SEO plugin. -->","yoast_head_json":{"title":"Die Villa - La Serena Umbria","robots":{"index":"index","follow":"follow","max-snippet":"max-snippet:-1","max-image-preview":"max-image-preview:large","max-video-preview":"max-video-preview:-1"},"canonical":"https:\/\/www.laserenaumbria.com\/de\/die-villa\/","og_locale":"de_DE","og_type":"article","og_title":"Die Villa - La Serena Umbria","og_description":"Innenr\u00e4ume Erdgeschoss In unserem sauberen, komfortablen Haus werden Sie sich sofort wie zu Hause f\u00fchlen. Wir stellen Handt\u00fccher, Bettw\u00e4sche, Decken, Kissen, Geschirr, T\u00f6pfe und Pfannen zur Verf\u00fcgung \u2013 alle Annehmlichkeiten, die Sie f\u00fcr einen erholsamen R\u00fcckzug ben\u00f6tigen. Im Erdgeschoss finden Sie eine gro\u00dfe, professionelle K\u00fcche mit 2 Einbauback\u00f6fen, Mikrowelle, Geschirrsp\u00fcler, gro\u00dfem K\u00fchlschrank und Kaffeemaschine. Es [&hellip;]","og_url":"https:\/\/www.laserenaumbria.com\/de\/die-villa\/","og_site_name":"La Serena Umbria","article_modified_time":"2022-03-24T17:08:50+00:00","twitter_card":"summary_large_image","twitter_misc":{"Gesch\u00e4tzte Lesezeit":"1\u00a0Minute"},"schema":{"@context":"https:\/\/schema.org","@graph":[{"@type":"WebPage","@id":"https:\/\/www.laserenaumbria.com\/de\/die-villa\/","url":"https:\/\/www.laserenaumbria.com\/de\/die-villa\/","name":"Die Villa - La Serena Umbria","isPartOf":{"@id":"https:\/\/www.laserenaumbria.com\/de\/#website"},"datePublished":"2021-12-22T16:33:58+00:00","dateModified":"2022-03-24T17:08:50+00:00","breadcrumb":{"@id":"https:\/\/www.laserenaumbria.com\/de\/die-villa\/#breadcrumb"},"inLanguage":"de","potentialAction":[{"@type":"ReadAction","target":["https:\/\/www.laserenaumbria.com\/de\/die-villa\/"]}]},{"@type":"BreadcrumbList","@id":"https:\/\/www.laserenaumbria.com\/de\/die-villa\/#breadcrumb","itemListElement":[{"@type":"ListItem","position":1,"name":"Startseite","item":"https:\/\/www.laserenaumbria.com\/de\/"},{"@type":"ListItem","position":2,"name":"Die Villa"}]},{"@type":"WebSite","@id":"https:\/\/www.laserenaumbria.com\/de\/#website","url":"https:\/\/www.laserenaumbria.com\/de\/","name":"La Serena Umbria","description":"Holidays in a Villa for rent in Umbria next to Tuscany and Lago di Trasimeno","potentialAction":[{"@type":"SearchAction","target":{"@type":"EntryPoint","urlTemplate":"https:\/\/www.laserenaumbria.com\/de\/?s={search_term_string}"},"query-input":{"@type":"PropertyValueSpecification","valueRequired":true,"valueName":"search_term_string"}}],"inLanguage":"de"}]}},"_links":{"self":[{"href":"https:\/\/www.laserenaumbria.com\/de\/wp-json\/wp\/v2\/pages\/2091","targetHints":{"allow":["GET"]}}],"collection":[{"href":"https:\/\/www.laserenaumbria.com\/de\/wp-json\/wp\/v2\/pages"}],"about":[{"href":"https:\/\/www.laserenaumbria.com\/de\/wp-json\/wp\/v2\/types\/page"}],"author":[{"embeddable":true,"href":"https:\/\/www.laserenaumbria.com\/de\/wp-json\/wp\/v2\/users\/3"}],"replies":[{"embeddable":true,"href":"https:\/\/www.laserenaumbria.com\/de\/wp-json\/wp\/v2\/comments?post=2091"}],"version-history":[{"count":4,"href":"https:\/\/www.laserenaumbria.com\/de\/wp-json\/wp\/v2\/pages\/2091\/revisions"}],"predecessor-version":[{"id":2118,"href":"https:\/\/www.laserenaumbria.com\/de\/wp-json\/wp\/v2\/pages\/2091\/revisions\/2118"}],"wp:attachment":[{"href":"https:\/\/www.laserenaumbria.com\/de\/wp-json\/wp\/v2\/media?parent=2091"}],"curies":[{"name":"wp","href":"https:\/\/api.w.org\/{rel}","templated":true}]}}