{"id":2189,"date":"2022-03-31T16:16:42","date_gmt":"2022-03-31T14:16:42","guid":{"rendered":"https:\/\/www.laserenaumbria.com\/lage-umgebung\/"},"modified":"2022-03-31T16:16:46","modified_gmt":"2022-03-31T14:16:46","slug":"lage-umgebung","status":"publish","type":"page","link":"https:\/\/www.laserenaumbria.com\/de\/lage-umgebung\/","title":{"rendered":"Lage &amp; Umgebung"},"content":{"rendered":"\t\t<div data-elementor-type=\"wp-page\" data-elementor-id=\"2189\" class=\"elementor elementor-2189 elementor-17\" data-elementor-post-type=\"page\">\n\t\t\t\t\t\t<section class=\"elementor-section elementor-top-section elementor-element elementor-element-daa43b0 elementor-section-stretched elementor-section-boxed elementor-section-height-default elementor-section-height-default\" data-id=\"daa43b0\" data-element_type=\"section\" data-e-type=\"section\" data-settings=\"{&quot;stretch_section&quot;:&quot;section-stretched&quot;}\">\n\t\t\t\t\t\t<div class=\"elementor-container elementor-column-gap-default\">\n\t\t\t\t\t<div class=\"elementor-column elementor-col-100 elementor-top-column elementor-element elementor-element-23297f0\" data-id=\"23297f0\" data-element_type=\"column\" data-e-type=\"column\">\n\t\t\t<div class=\"elementor-widget-wrap elementor-element-populated\">\n\t\t\t\t\t\t<div class=\"elementor-element elementor-element-9ec3b31 elementor-widget elementor-widget-text-editor\" data-id=\"9ec3b31\" data-element_type=\"widget\" data-e-type=\"widget\" data-widget_type=\"text-editor.default\">\n\t\t\t\t<div class=\"elementor-widget-container\">\n\t\t\t\t\t\t\t\t\tSo finden Sie zu uns\t\t\t\t\t\t\t\t<\/div>\n\t\t\t\t<\/div>\n\t\t\t\t<div class=\"elementor-element elementor-element-2ab47f7 elementor-widget elementor-widget-text-editor\" data-id=\"2ab47f7\" data-element_type=\"widget\" data-e-type=\"widget\" data-widget_type=\"text-editor.default\">\n\t\t\t\t<div class=\"elementor-widget-container\">\n\t\t\t\t\t\t\t\t\t<p>La Serena ist 30 Minuten vom Flughafen Perugia entfernt. Es gibt Direktfl\u00fcge aus London, Wien und Br\u00fcssel.<br>Weitere Flugm\u00f6glichkeiten bestehen \u00fcber Rom, Ancona, Florenz oder Pisa mit einer Fahrzeit im Auto von jeweils etwa 2 Stunden.<br>Die Bahnh\u00f6fe von Perugia und Chiusi sind etwa 20 km entfernt, von wo aus t\u00e4glich mehrere Z\u00fcge nach Rom und Florenz fahren.<br>Wir empfehlen Ihnen, Ihr eigenes Fahrzeug mitzubringen oder ein Auto zu mieten. Es gibt jedoch auch G\u00e4ste, die sich auf \u00f6ffentliche Verkehrsmittel verlassen haben und zu Fu\u00df nach Castiglione Della Valle (ca. 1 km) oder San Biagio (ca. 2 km) gegangen sind, um einen Bus zu nehmen.<\/p><p><strong>Navi Benutzer:<\/strong><\/p><p>Der einfachste Weg, uns zu finden, ist die Eingabe von &#8222;La Serena Umbria&#8220; in Google Maps. Dort hei\u00dft es zwar immer noch &#8222;La Serena B&amp;B&#8220;, aber die Lage ist perfekt.<\/p><p>Die folgenden L\u00e4ngen-\/Breitengradkoordinaten sollten ebenfalls funktionieren! Die Koordinaten lauten: <strong>N 43\u00b0 00&#8242; 54&#8243; E 12\u00b0 15&#8242; 56&#8243;<\/strong> (oder, wenn Ihr Satellitennavigationsger\u00e4t auf Dezimalzahlen eingestellt ist, <strong>N 43,015 &amp; E 12,266<\/strong>). Alternativ k\u00f6nnen Sie auch Castiglione della Valle eingeben (Postleitzahl 06072), das nur 1 km von uns entfernt ist.<\/p><p>Sobald Sie diese in Ihr System eingegeben haben, genie\u00dfen Sie den Rest der Reise und konzentrieren Sie sich auf das italienische Fahren!!! Gute Reise!<\/p>\t\t\t\t\t\t\t\t<\/div>\n\t\t\t\t<\/div>\n\t\t\t\t<div class=\"elementor-element elementor-element-6701a84 elementor-widget elementor-widget-html\" data-id=\"6701a84\" data-element_type=\"widget\" data-e-type=\"widget\" data-widget_type=\"html.default\">\n\t\t\t\t<div class=\"elementor-widget-container\">\n\t\t\t\t\t<iframe src=\"https:\/\/www.google.com\/maps\/embed?pb=!1m18!1m12!1m3!1d990.4600123221694!2d12.264863088141686!3d43.01509637927132!2m3!1f0!2f0!3f0!3m2!1i1024!2i768!4f13.1!3m3!1m2!1s0x132ea57810ec1195%3A0xe2b6ce6448978ec8!2sLa%20Serena%20B%26B!5e1!3m2!1sen!2sat!4v1611326651042!5m2!1sen!2sat\" width=\"600\" height=\"400\" frameborder=\"0\" style=\"border:0;\" allowfullscreen=\"\" aria-hidden=\"false\" tabindex=\"0\"><\/iframe>\t\t\t\t<\/div>\n\t\t\t\t<\/div>\n\t\t\t\t\t<\/div>\n\t\t<\/div>\n\t\t\t\t\t<\/div>\n\t\t<\/section>\n\t\t\t\t<\/div>\n\t\t","protected":false},"excerpt":{"rendered":"<p>So finden Sie zu uns La Serena ist 30 Minuten vom Flughafen Perugia entfernt. Es gibt Direktfl\u00fcge aus London, Wien und Br\u00fcssel.Weitere Flugm\u00f6glichkeiten bestehen \u00fcber Rom, Ancona, Florenz oder Pisa mit einer Fahrzeit im Auto von jeweils etwa 2 Stunden.Die Bahnh\u00f6fe von Perugia und Chiusi sind etwa 20 km entfernt, von wo aus t\u00e4glich mehrere [&hellip;]<\/p>\n","protected":false},"author":3,"featured_media":0,"parent":0,"menu_order":0,"comment_status":"closed","ping_status":"closed","template":"","meta":{"_acf_changed":false,"footnotes":""},"class_list":["post-2189","page","type-page","status-publish","hentry"],"acf":[],"yoast_head":"<!-- This site is optimized with the Yoast SEO plugin v27.3 - https:\/\/yoast.com\/product\/yoast-seo-wordpress\/ -->\n<title>Lage &amp; Umgebung - La Serena Umbria<\/title>\n<meta name=\"robots\" content=\"index, follow, max-snippet:-1, max-image-preview:large, max-video-preview:-1\" \/>\n<link rel=\"canonical\" href=\"https:\/\/www.laserenaumbria.com\/de\/lage-umgebung\/\" \/>\n<meta property=\"og:locale\" content=\"de_DE\" \/>\n<meta property=\"og:type\" content=\"article\" \/>\n<meta property=\"og:title\" content=\"Lage &amp; Umgebung - La Serena Umbria\" \/>\n<meta property=\"og:description\" content=\"So finden Sie zu uns La Serena ist 30 Minuten vom Flughafen Perugia entfernt. Es gibt Direktfl\u00fcge aus London, Wien und Br\u00fcssel.Weitere Flugm\u00f6glichkeiten bestehen \u00fcber Rom, Ancona, Florenz oder Pisa mit einer Fahrzeit im Auto von jeweils etwa 2 Stunden.Die Bahnh\u00f6fe von Perugia und Chiusi sind etwa 20 km entfernt, von wo aus t\u00e4glich mehrere [&hellip;]\" \/>\n<meta property=\"og:url\" content=\"https:\/\/www.laserenaumbria.com\/de\/lage-umgebung\/\" \/>\n<meta property=\"og:site_name\" content=\"La Serena Umbria\" \/>\n<meta property=\"article:modified_time\" content=\"2022-03-31T14:16:46+00:00\" \/>\n<meta name=\"twitter:card\" content=\"summary_large_image\" \/>\n<meta name=\"twitter:label1\" content=\"Gesch\u00e4tzte Lesezeit\" \/>\n\t<meta name=\"twitter:data1\" content=\"1\u00a0Minute\" \/>\n<script type=\"application\/ld+json\" class=\"yoast-schema-graph\">{\"@context\":\"https:\\\/\\\/schema.org\",\"@graph\":[{\"@type\":\"WebPage\",\"@id\":\"https:\\\/\\\/www.laserenaumbria.com\\\/de\\\/lage-umgebung\\\/\",\"url\":\"https:\\\/\\\/www.laserenaumbria.com\\\/de\\\/lage-umgebung\\\/\",\"name\":\"Lage &amp; Umgebung - La Serena Umbria\",\"isPartOf\":{\"@id\":\"https:\\\/\\\/www.laserenaumbria.com\\\/de\\\/#website\"},\"datePublished\":\"2022-03-31T14:16:42+00:00\",\"dateModified\":\"2022-03-31T14:16:46+00:00\",\"breadcrumb\":{\"@id\":\"https:\\\/\\\/www.laserenaumbria.com\\\/de\\\/lage-umgebung\\\/#breadcrumb\"},\"inLanguage\":\"de\",\"potentialAction\":[{\"@type\":\"ReadAction\",\"target\":[\"https:\\\/\\\/www.laserenaumbria.com\\\/de\\\/lage-umgebung\\\/\"]}]},{\"@type\":\"BreadcrumbList\",\"@id\":\"https:\\\/\\\/www.laserenaumbria.com\\\/de\\\/lage-umgebung\\\/#breadcrumb\",\"itemListElement\":[{\"@type\":\"ListItem\",\"position\":1,\"name\":\"Startseite\",\"item\":\"https:\\\/\\\/www.laserenaumbria.com\\\/de\\\/\"},{\"@type\":\"ListItem\",\"position\":2,\"name\":\"Lage &amp; Umgebung\"}]},{\"@type\":\"WebSite\",\"@id\":\"https:\\\/\\\/www.laserenaumbria.com\\\/de\\\/#website\",\"url\":\"https:\\\/\\\/www.laserenaumbria.com\\\/de\\\/\",\"name\":\"La Serena Umbria\",\"description\":\"Holidays in a Villa for rent in Umbria next to Tuscany and Lago di Trasimeno\",\"potentialAction\":[{\"@type\":\"SearchAction\",\"target\":{\"@type\":\"EntryPoint\",\"urlTemplate\":\"https:\\\/\\\/www.laserenaumbria.com\\\/de\\\/?s={search_term_string}\"},\"query-input\":{\"@type\":\"PropertyValueSpecification\",\"valueRequired\":true,\"valueName\":\"search_term_string\"}}],\"inLanguage\":\"de\"}]}<\/script>\n<!-- \/ Yoast SEO plugin. -->","yoast_head_json":{"title":"Lage &amp; Umgebung - La Serena Umbria","robots":{"index":"index","follow":"follow","max-snippet":"max-snippet:-1","max-image-preview":"max-image-preview:large","max-video-preview":"max-video-preview:-1"},"canonical":"https:\/\/www.laserenaumbria.com\/de\/lage-umgebung\/","og_locale":"de_DE","og_type":"article","og_title":"Lage &amp; Umgebung - La Serena Umbria","og_description":"So finden Sie zu uns La Serena ist 30 Minuten vom Flughafen Perugia entfernt. Es gibt Direktfl\u00fcge aus London, Wien und Br\u00fcssel.Weitere Flugm\u00f6glichkeiten bestehen \u00fcber Rom, Ancona, Florenz oder Pisa mit einer Fahrzeit im Auto von jeweils etwa 2 Stunden.Die Bahnh\u00f6fe von Perugia und Chiusi sind etwa 20 km entfernt, von wo aus t\u00e4glich mehrere [&hellip;]","og_url":"https:\/\/www.laserenaumbria.com\/de\/lage-umgebung\/","og_site_name":"La Serena Umbria","article_modified_time":"2022-03-31T14:16:46+00:00","twitter_card":"summary_large_image","twitter_misc":{"Gesch\u00e4tzte Lesezeit":"1\u00a0Minute"},"schema":{"@context":"https:\/\/schema.org","@graph":[{"@type":"WebPage","@id":"https:\/\/www.laserenaumbria.com\/de\/lage-umgebung\/","url":"https:\/\/www.laserenaumbria.com\/de\/lage-umgebung\/","name":"Lage &amp; Umgebung - La Serena Umbria","isPartOf":{"@id":"https:\/\/www.laserenaumbria.com\/de\/#website"},"datePublished":"2022-03-31T14:16:42+00:00","dateModified":"2022-03-31T14:16:46+00:00","breadcrumb":{"@id":"https:\/\/www.laserenaumbria.com\/de\/lage-umgebung\/#breadcrumb"},"inLanguage":"de","potentialAction":[{"@type":"ReadAction","target":["https:\/\/www.laserenaumbria.com\/de\/lage-umgebung\/"]}]},{"@type":"BreadcrumbList","@id":"https:\/\/www.laserenaumbria.com\/de\/lage-umgebung\/#breadcrumb","itemListElement":[{"@type":"ListItem","position":1,"name":"Startseite","item":"https:\/\/www.laserenaumbria.com\/de\/"},{"@type":"ListItem","position":2,"name":"Lage &amp; Umgebung"}]},{"@type":"WebSite","@id":"https:\/\/www.laserenaumbria.com\/de\/#website","url":"https:\/\/www.laserenaumbria.com\/de\/","name":"La Serena Umbria","description":"Holidays in a Villa for rent in Umbria next to Tuscany and Lago di Trasimeno","potentialAction":[{"@type":"SearchAction","target":{"@type":"EntryPoint","urlTemplate":"https:\/\/www.laserenaumbria.com\/de\/?s={search_term_string}"},"query-input":{"@type":"PropertyValueSpecification","valueRequired":true,"valueName":"search_term_string"}}],"inLanguage":"de"}]}},"_links":{"self":[{"href":"https:\/\/www.laserenaumbria.com\/de\/wp-json\/wp\/v2\/pages\/2189","targetHints":{"allow":["GET"]}}],"collection":[{"href":"https:\/\/www.laserenaumbria.com\/de\/wp-json\/wp\/v2\/pages"}],"about":[{"href":"https:\/\/www.laserenaumbria.com\/de\/wp-json\/wp\/v2\/types\/page"}],"author":[{"embeddable":true,"href":"https:\/\/www.laserenaumbria.com\/de\/wp-json\/wp\/v2\/users\/3"}],"replies":[{"embeddable":true,"href":"https:\/\/www.laserenaumbria.com\/de\/wp-json\/wp\/v2\/comments?post=2189"}],"version-history":[{"count":3,"href":"https:\/\/www.laserenaumbria.com\/de\/wp-json\/wp\/v2\/pages\/2189\/revisions"}],"predecessor-version":[{"id":2192,"href":"https:\/\/www.laserenaumbria.com\/de\/wp-json\/wp\/v2\/pages\/2189\/revisions\/2192"}],"wp:attachment":[{"href":"https:\/\/www.laserenaumbria.com\/de\/wp-json\/wp\/v2\/media?parent=2189"}],"curies":[{"name":"wp","href":"https:\/\/api.w.org\/{rel}","templated":true}]}}